{"id":2784,"date":"2024-01-05T14:12:21","date_gmt":"2024-01-05T14:12:21","guid":{"rendered":"https:\/\/hamraheroes.org\/?page_id=2784"},"modified":"2026-02-19T17:24:35","modified_gmt":"2026-02-19T17:24:35","slug":"natural-disaster","status":"publish","type":"page","link":"https:\/\/hamraheroes.org\/pt\/natural-disaster\/","title":{"rendered":"Desastre Natural"},"content":{"rendered":"<p><div id=\"who\" class=\"fusion-container-anchor\"><div class=\"fusion-fullwidth fullwidth-box fusion-builder-row-1 fusion-flex-container has-pattern-background has-mask-background nonhundred-percent-fullwidth non-hundred-percent-height-scrolling\" style=\"--link_hover_color: var(--awb-color5);--link_color: var(--awb-color5);--awb-background-position:right top;--awb-background-blend-mode:overlay;--awb-border-color:var(--awb-color1);--awb-border-radius-top-left:0px;--awb-border-radius-top-right:0px;--awb-border-radius-bottom-right:0px;--awb-border-radius-bottom-left:0px;--awb-padding-top:100px;--awb-padding-bottom:100px;--awb-padding-top-medium:90px;--awb-padding-bottom-medium:90px;--awb-padding-top-small:80px;--awb-padding-bottom-small:80px;--awb-margin-bottom-medium:0px;--awb-background-color:var(--awb-color1);--awb-flex-wrap:wrap;\" ><div class=\"fusion-builder-row fusion-row fusion-flex-align-items-center fusion-flex-content-wrap\" style=\"max-width:1248px;margin-left: calc(-4% \/ 2 );margin-right: calc(-4% \/ 2 );\"><div class=\"fusion-layout-column fusion_builder_column fusion-builder-column-0 fusion_builder_column_1_2 1_2 fusion-flex-column\" style=\"--awb-bg-size:cover;--awb-width-large:50%;--awb-margin-top-large:0px;--awb-spacing-right-large:72px;--awb-margin-bottom-large:0px;--awb-spacing-left-large:3.84%;--awb-width-medium:50%;--awb-order-medium:0;--awb-spacing-right-medium:70px;--awb-spacing-left-medium:3.84%;--awb-width-small:100%;--awb-order-small:0;--awb-spacing-right-small:1.92%;--awb-spacing-left-small:1.92%;\"><div class=\"fusion-column-wrapper fusion-column-has-shadow fusion-flex-justify-content-flex-start fusion-content-layout-column\"><div class=\"fusion-text fusion-text-1\" style=\"--awb-text-color:#000000;\"><p><a href=\"https:\/\/hamraheroes.org\/pt\/what-we-do\/\" style=\"color:#bf311a;\">De volta \u00e0s subven\u00e7\u00f5es<\/a><\/p>\n<\/div><div class=\"fusion-image-element\" style=\"--awb-caption-title-font-family:var(--h2_typography-font-family);--awb-caption-title-font-weight:var(--h2_typography-font-weight);--awb-caption-title-font-style:var(--h2_typography-font-style);--awb-caption-title-size:var(--h2_typography-font-size);--awb-caption-title-transform:var(--h2_typography-text-transform);--awb-caption-title-line-height:var(--h2_typography-line-height);--awb-caption-title-letter-spacing:var(--h2_typography-letter-spacing);\"><span class=\"fusion-imageframe imageframe-none imageframe-1 hover-type-none\"><img decoding=\"async\" width=\"800\" height=\"533\" title=\"desastre-2-1\" src=\"https:\/\/hamraheroes.org\/wp-content\/uploads\/2024\/01\/disaster-2-1.webp\" data-orig-src=\"https:\/\/hamraheroes.org\/wp-content\/uploads\/2024\/01\/disaster-2-1.webp\" alt class=\"lazyload img-responsive wp-image-3006\" srcset=\"data:image\/svg+xml,%3Csvg%20xmlns%3D%27http%3A%2F%2Fwww.w3.org%2F2000%2Fsvg%27%20width%3D%27800%27%20height%3D%27533%27%20viewBox%3D%270%200%20800%20533%27%3E%3Crect%20width%3D%27800%27%20height%3D%27533%27%20fill-opacity%3D%220%22%2F%3E%3C%2Fsvg%3E\" data-srcset=\"https:\/\/hamraheroes.org\/wp-content\/uploads\/2024\/01\/disaster-2-1-200x133.webp 200w, https:\/\/hamraheroes.org\/wp-content\/uploads\/2024\/01\/disaster-2-1-300x200.webp 300w, https:\/\/hamraheroes.org\/wp-content\/uploads\/2024\/01\/disaster-2-1-400x267.webp 400w, https:\/\/hamraheroes.org\/wp-content\/uploads\/2024\/01\/disaster-2-1-600x400.webp 600w, https:\/\/hamraheroes.org\/wp-content\/uploads\/2024\/01\/disaster-2-1-768x512.webp 768w, https:\/\/hamraheroes.org\/wp-content\/uploads\/2024\/01\/disaster-2-1.webp 800w\" data-sizes=\"auto\" data-orig-sizes=\"(max-width: 700px) 100vw, 600px\" \/><\/span><\/div><\/div><\/div><div class=\"fusion-layout-column fusion_builder_column fusion-builder-column-1 fusion_builder_column_1_2 1_2 fusion-flex-column fusion-animated\" style=\"--awb-padding-bottom-medium:0px;--awb-bg-size:cover;--awb-width-large:50%;--awb-margin-top-large:0px;--awb-spacing-right-large:3.84%;--awb-margin-bottom-large:0px;--awb-spacing-left-large:0px;--awb-width-medium:50%;--awb-order-medium:0;--awb-spacing-right-medium:3.84%;--awb-spacing-left-medium:20px;--awb-width-small:100%;--awb-order-small:0;--awb-spacing-right-small:1.92%;--awb-spacing-left-small:20px;\" data-animationtype=\"fadeInRight\" data-animationduration=\"1.3\" data-animationoffset=\"top-into-view\"><div class=\"fusion-column-wrapper fusion-column-has-shadow fusion-flex-justify-content-flex-start fusion-content-layout-column\"><div class=\"fusion-text fusion-text-2 fusion-text-no-margin\" style=\"--awb-margin-bottom:10px;\"><h4 class=\"wp-block-heading fusion-responsive-typography-calculated\" data-fontsize=\"28.43\" style=\"--fontSize: 28.43; line-height: 1.4;\" data-lineheight=\"39.802px\">Elegibilidade:<\/h4>\n<ul>\n<li><strong>18 anos ou mais: <\/strong>Sim<\/li>\n<\/ul>\n<\/div><\/div><\/div><\/div><\/div><\/div><div id=\"team\" class=\"fusion-container-anchor\"><div class=\"fusion-fullwidth fullwidth-box fusion-builder-row-2 fusion-flex-container has-pattern-background has-mask-background nonhundred-percent-fullwidth non-hundred-percent-height-scrolling\" style=\"--link_hover_color: var(--awb-color2);--link_color: var(--awb-color4);--awb-background-position:left top;--awb-border-sizes-top:0px;--awb-border-sizes-bottom:0px;--awb-border-sizes-left:0px;--awb-border-sizes-right:0px;--awb-border-radius-top-left:0px;--awb-border-radius-top-right:0px;--awb-border-radius-bottom-right:0px;--awb-border-radius-bottom-left:0px;--awb-padding-top:130px;--awb-padding-bottom:130px;--awb-padding-top-medium:90px;--awb-padding-bottom-medium:90px;--awb-margin-bottom-medium:0px;--awb-background-color:#f5f2f2;--awb-flex-wrap:wrap;\" ><div class=\"fusion-builder-row fusion-row fusion-flex-align-items-flex-start fusion-flex-justify-content-center fusion-flex-content-wrap\" style=\"max-width:calc( 1200px + 120px );margin-left: calc(-120px \/ 2 );margin-right: calc(-120px \/ 2 );\"><div class=\"fusion-layout-column fusion_builder_column fusion-builder-column-2 fusion_builder_column_1_1 1_1 fusion-flex-column\" style=\"--awb-bg-size:cover;--awb-width-large:100%;--awb-margin-top-large:0px;--awb-spacing-right-large:72px;--awb-margin-bottom-large:0px;--awb-spacing-left-large:60px;--awb-width-medium:50%;--awb-order-medium:0;--awb-spacing-right-medium:70px;--awb-spacing-left-medium:60px;--awb-width-small:100%;--awb-order-small:0;--awb-spacing-right-small:60px;--awb-spacing-left-small:60px;\"><div class=\"fusion-column-wrapper fusion-column-has-shadow fusion-flex-justify-content-flex-start fusion-content-layout-column\"><div class=\"fusion-text fusion-text-3\"><p>Em caso de um ou mais funcion\u00e1rios serem impactados por um desastre natural, declarado por uma ag\u00eancia governamental, as seguintes diretrizes ser\u00e3o seguidas. Subs\u00eddios s\u00e3o fornecidos por ordem de chegada at\u00e9 que o limite de $25.000 ou 50% do saldo do fundo (o que for menor) seja concedido por desastre natural declarado. O Conselho de Diretores reserva-se o direito de aumentar o financiamento m\u00e1ximo por desastre caso a caso. As inscri\u00e7\u00f5es ser\u00e3o concedidas unicamente a crit\u00e9rio da Equipe Administrativa do HERO Fund, com base na inscri\u00e7\u00e3o submetida e na documenta\u00e7\u00e3o fornecida. Nenhuma inscri\u00e7\u00e3o ser\u00e1 considerada sem a documenta\u00e7\u00e3o descrita abaixo.<\/p>\n<\/div><div class=\"fusion-title title fusion-title-1 fusion-sep-none fusion-title-text fusion-title-size-four\" style=\"--awb-margin-bottom:30px;\"><h4 class=\"fusion-title-heading title-heading-left fusion-responsive-typography-calculated\" style=\"margin:0;text-transform:uppercase;--fontSize:28.43;line-height:1.4;\"><strong>Assist\u00eancia para outros impactos de desastres naturais<\/strong><\/h4><\/div><div class=\"fusion-separator\" style=\"align-self: flex-start;margin-right:auto;width:100%;max-width:550px;\"><div class=\"fusion-separator-border sep-single sep-solid\" style=\"--awb-height:20px;--awb-amount:20px;border-color:var(--awb-color3);border-top-width:1px;\"><\/div><\/div><\/div><\/div><div class=\"fusion-layout-column fusion_builder_column fusion-builder-column-3 fusion_builder_column_1_1 1_1 fusion-flex-column\" style=\"--awb-padding-top:35px;--awb-bg-size:cover;--awb-width-large:100%;--awb-margin-top-large:0px;--awb-spacing-right-large:0px;--awb-margin-bottom-large:60px;--awb-spacing-left-large:60px;--awb-width-medium:50%;--awb-order-medium:0;--awb-spacing-right-medium:70px;--awb-spacing-left-medium:60px;--awb-width-small:100%;--awb-order-small:0;--awb-spacing-right-small:60px;--awb-spacing-left-small:60px;\"><div class=\"fusion-column-wrapper fusion-column-has-shadow fusion-flex-justify-content-flex-start fusion-content-layout-column\"><div class=\"accordian fusion-accordian\" style=\"--awb-border-size:1px;--awb-icon-size:16px;--awb-content-font-size:var(--awb-typography4-font-size);--awb-icon-alignment:left;--awb-hover-color:var(--awb-color2);--awb-border-color:var(--awb-color3);--awb-background-color:var(--awb-color1);--awb-divider-color:var(--awb-color3);--awb-divider-hover-color:var(--awb-color3);--awb-icon-color:var(--awb-color1);--awb-title-color:var(--awb-color8);--awb-content-color:var(--awb-color8);--awb-icon-box-color:var(--awb-color8);--awb-toggle-hover-accent-color:var(--awb-color5);--awb-title-font-family:var(--awb-typography1-font-family);--awb-title-font-weight:var(--awb-typography1-font-weight);--awb-title-font-style:var(--awb-typography1-font-style);--awb-title-font-size:24px;--awb-title-letter-spacing:var(--awb-typography1-letter-spacing);--awb-title-line-height:var(--awb-typography1-line-height);--awb-content-font-family:var(--awb-typography4-font-family);--awb-content-font-weight:var(--awb-typography4-font-weight);--awb-content-font-style:var(--awb-typography4-font-style);\"><div class=\"panel-group fusion-toggle-icon-boxed\" id=\"accordion-2784-1\"><div class=\"fusion-panel panel-default panel-d5ca69331cab50659 fusion-toggle-has-divider\"><div class=\"panel-heading\"><h4 class=\"panel-title toggle\" id=\"toggle_d5ca69331cab50659\"><a aria-expanded=\"false\" aria-controls=\"d5ca69331cab50659\" role=\"button\" data-toggle=\"collapse\" data-parent=\"#accordion-2784-1\" data-target=\"#d5ca69331cab50659\" href=\"#d5ca69331cab50659\"><span class=\"fusion-toggle-icon-wrapper\" aria-hidden=\"true\"><i class=\"fa-fusion-box active-icon awb-icon-minus\" aria-hidden=\"true\"><\/i><i class=\"fa-fusion-box inactive-icon awb-icon-plus\" aria-hidden=\"true\"><\/i><\/span><span class=\"fusion-toggle-heading\">Valor do Subven\u00e7\u00e3o<\/span><\/a><\/h4><\/div><div id=\"d5ca69331cab50659\" class=\"panel-collapse collapse\" aria-labelledby=\"toggle_d5ca69331cab50659\"><div class=\"panel-body toggle-content fusion-clearfix\">\n<p>At\u00e9 $300 para quaisquer despesas incorridas ou para todas elas.<\/p>\n<\/div><\/div><\/div><div class=\"fusion-panel panel-default panel-22139d93a854d3968 fusion-toggle-has-divider\"><div class=\"panel-heading\"><h4 class=\"panel-title toggle\" id=\"toggle_22139d93a854d3968\"><a aria-expanded=\"false\" aria-controls=\"22139d93a854d3968\" role=\"button\" data-toggle=\"collapse\" data-parent=\"#accordion-2784-1\" data-target=\"#22139d93a854d3968\" href=\"#22139d93a854d3968\"><span class=\"fusion-toggle-icon-wrapper\" aria-hidden=\"true\"><i class=\"fa-fusion-box active-icon awb-icon-minus\" aria-hidden=\"true\"><\/i><i class=\"fa-fusion-box inactive-icon awb-icon-plus\" aria-hidden=\"true\"><\/i><\/span><span class=\"fusion-toggle-heading\">Descri\u00e7\u00e3o<\/span><\/a><\/h4><\/div><div id=\"22139d93a854d3968\" class=\"panel-collapse collapse\" aria-labelledby=\"toggle_22139d93a854d3968\"><div class=\"panel-body toggle-content fusion-clearfix\">\n<p>Assist\u00eancia para impacto de desastre natural que n\u00e3o cause perda total da resid\u00eancia, mas gere despesas inesperadas. Inclui a necessidade de um funcion\u00e1rio receber ajuda para qualquer um dos seguintes itens: (1) Perda de eletricidade resultando em perda de alimentos (2) Despesas com abrigo tempor\u00e1rio (3) Despesas com combust\u00edvel para o funcionamento tempor\u00e1rio de um gerador dom\u00e9stico (4) Outra perda resultando em despesas<\/p>\n<\/div><\/div><\/div><div class=\"fusion-panel panel-default panel-2d0c19572abca31da fusion-toggle-has-divider\"><div class=\"panel-heading\"><h4 class=\"panel-title toggle\" id=\"toggle_2d0c19572abca31da\"><a aria-expanded=\"false\" aria-controls=\"2d0c19572abca31da\" role=\"button\" data-toggle=\"collapse\" data-parent=\"#accordion-2784-1\" data-target=\"#2d0c19572abca31da\" href=\"#2d0c19572abca31da\"><span class=\"fusion-toggle-icon-wrapper\" aria-hidden=\"true\"><i class=\"fa-fusion-box active-icon awb-icon-minus\" aria-hidden=\"true\"><\/i><i class=\"fa-fusion-box inactive-icon awb-icon-plus\" aria-hidden=\"true\"><\/i><\/span><span class=\"fusion-toggle-heading\">Documenta\u00e7\u00e3o Necess\u00e1ria<\/span><\/a><\/h4><\/div><div id=\"2d0c19572abca31da\" class=\"panel-collapse collapse\" aria-labelledby=\"toggle_2d0c19572abca31da\"><div class=\"panel-body toggle-content fusion-clearfix\">\n<p>Recibos de todas as despesas incorridas.<\/p>\n<\/div><\/div><\/div><\/div><\/div><\/div><\/div><div class=\"fusion-layout-column fusion_builder_column fusion-builder-column-4 fusion_builder_column_1_1 1_1 fusion-flex-column\" style=\"--awb-bg-size:cover;--awb-width-large:100%;--awb-margin-top-large:0px;--awb-spacing-right-large:72px;--awb-margin-bottom-large:0px;--awb-spacing-left-large:60px;--awb-width-medium:50%;--awb-order-medium:0;--awb-spacing-right-medium:70px;--awb-spacing-left-medium:60px;--awb-width-small:100%;--awb-order-small:0;--awb-spacing-right-small:60px;--awb-spacing-left-small:60px;\"><div class=\"fusion-column-wrapper fusion-column-has-shadow fusion-flex-justify-content-flex-start fusion-content-layout-column\"><div class=\"fusion-title title fusion-title-2 fusion-sep-none fusion-title-text fusion-title-size-four\" style=\"--awb-margin-bottom:30px;\"><h4 class=\"fusion-title-heading title-heading-left fusion-responsive-typography-calculated\" style=\"margin:0;text-transform:uppercase;--fontSize:28.43;line-height:1.4;\"><strong>Perda de Moradia Devido a Desastre Natural<\/strong><\/h4><\/div><div class=\"fusion-separator\" style=\"align-self: flex-start;margin-right:auto;width:100%;max-width:550px;\"><div class=\"fusion-separator-border sep-single sep-solid\" style=\"--awb-height:20px;--awb-amount:20px;border-color:var(--awb-color3);border-top-width:1px;\"><\/div><\/div><\/div><\/div><div class=\"fusion-layout-column fusion_builder_column fusion-builder-column-5 fusion_builder_column_1_1 1_1 fusion-flex-column\" style=\"--awb-padding-top:35px;--awb-bg-size:cover;--awb-width-large:100%;--awb-margin-top-large:0px;--awb-spacing-right-large:0px;--awb-margin-bottom-large:60px;--awb-spacing-left-large:60px;--awb-width-medium:50%;--awb-order-medium:0;--awb-spacing-right-medium:70px;--awb-spacing-left-medium:60px;--awb-width-small:100%;--awb-order-small:0;--awb-spacing-right-small:60px;--awb-spacing-left-small:60px;\"><div class=\"fusion-column-wrapper fusion-column-has-shadow fusion-flex-justify-content-flex-start fusion-content-layout-column\"><div class=\"accordian fusion-accordian\" style=\"--awb-border-size:1px;--awb-icon-size:16px;--awb-content-font-size:var(--awb-typography4-font-size);--awb-icon-alignment:left;--awb-hover-color:var(--awb-color2);--awb-border-color:var(--awb-color3);--awb-background-color:var(--awb-color1);--awb-divider-color:var(--awb-color3);--awb-divider-hover-color:var(--awb-color3);--awb-icon-color:var(--awb-color1);--awb-title-color:var(--awb-color8);--awb-content-color:var(--awb-color8);--awb-icon-box-color:var(--awb-color8);--awb-toggle-hover-accent-color:var(--awb-color5);--awb-title-font-family:var(--awb-typography1-font-family);--awb-title-font-weight:var(--awb-typography1-font-weight);--awb-title-font-style:var(--awb-typography1-font-style);--awb-title-font-size:24px;--awb-title-letter-spacing:var(--awb-typography1-letter-spacing);--awb-title-line-height:var(--awb-typography1-line-height);--awb-content-font-family:var(--awb-typography4-font-family);--awb-content-font-weight:var(--awb-typography4-font-weight);--awb-content-font-style:var(--awb-typography4-font-style);\"><div class=\"panel-group fusion-toggle-icon-boxed\" id=\"accordion-2784-2\"><div class=\"fusion-panel panel-default panel-44060ddfa721d78b4 fusion-toggle-has-divider\"><div class=\"panel-heading\"><h4 class=\"panel-title toggle\" id=\"toggle_44060ddfa721d78b4\"><a aria-expanded=\"false\" aria-controls=\"44060ddfa721d78b4\" role=\"button\" data-toggle=\"collapse\" data-parent=\"#accordion-2784-2\" data-target=\"#44060ddfa721d78b4\" href=\"#44060ddfa721d78b4\"><span class=\"fusion-toggle-icon-wrapper\" aria-hidden=\"true\"><i class=\"fa-fusion-box active-icon awb-icon-minus\" aria-hidden=\"true\"><\/i><i class=\"fa-fusion-box inactive-icon awb-icon-plus\" aria-hidden=\"true\"><\/i><\/span><span class=\"fusion-toggle-heading\">Valor do Subven\u00e7\u00e3o<\/span><\/a><\/h4><\/div><div id=\"44060ddfa721d78b4\" class=\"panel-collapse collapse\" aria-labelledby=\"toggle_44060ddfa721d78b4\"><div class=\"panel-body toggle-content fusion-clearfix\">\n<p>At\u00e9 $1.000 para moradia tempor\u00e1ria e itens essenciais (alimentos, roupas, itens de higiene pessoal, etc.)<\/p>\n<\/div><\/div><\/div><div class=\"fusion-panel panel-default panel-99d48e3fabad68f07 fusion-toggle-has-divider\"><div class=\"panel-heading\"><h4 class=\"panel-title toggle\" id=\"toggle_99d48e3fabad68f07\"><a aria-expanded=\"false\" aria-controls=\"99d48e3fabad68f07\" role=\"button\" data-toggle=\"collapse\" data-parent=\"#accordion-2784-2\" data-target=\"#99d48e3fabad68f07\" href=\"#99d48e3fabad68f07\"><span class=\"fusion-toggle-icon-wrapper\" aria-hidden=\"true\"><i class=\"fa-fusion-box active-icon awb-icon-minus\" aria-hidden=\"true\"><\/i><i class=\"fa-fusion-box inactive-icon awb-icon-plus\" aria-hidden=\"true\"><\/i><\/span><span class=\"fusion-toggle-heading\">Descri\u00e7\u00e3o<\/span><\/a><\/h4><\/div><div id=\"99d48e3fabad68f07\" class=\"panel-collapse collapse\" aria-labelledby=\"toggle_99d48e3fabad68f07\"><div class=\"panel-body toggle-content fusion-clearfix\">\n<p>Lar do funcion\u00e1rio \u00e9 destru\u00eddo ou considerado inabit\u00e1vel por uma ag\u00eancia governamental e n\u00e3o h\u00e1 moradia alternativa dispon\u00edvel.<\/p>\n<\/div><\/div><\/div><div class=\"fusion-panel panel-default panel-54833416c7c83aa7e fusion-toggle-has-divider\"><div class=\"panel-heading\"><h4 class=\"panel-title toggle\" id=\"toggle_54833416c7c83aa7e\"><a aria-expanded=\"false\" aria-controls=\"54833416c7c83aa7e\" role=\"button\" data-toggle=\"collapse\" data-parent=\"#accordion-2784-2\" data-target=\"#54833416c7c83aa7e\" href=\"#54833416c7c83aa7e\"><span class=\"fusion-toggle-icon-wrapper\" aria-hidden=\"true\"><i class=\"fa-fusion-box active-icon awb-icon-minus\" aria-hidden=\"true\"><\/i><i class=\"fa-fusion-box inactive-icon awb-icon-plus\" aria-hidden=\"true\"><\/i><\/span><span class=\"fusion-toggle-heading\">Documenta\u00e7\u00e3o Necess\u00e1ria<\/span><\/a><\/h4><\/div><div id=\"54833416c7c83aa7e\" class=\"panel-collapse collapse\" aria-labelledby=\"toggle_54833416c7c83aa7e\"><div class=\"panel-body toggle-content fusion-clearfix\">\n<p>Fotografias, sinistro de seguro, recibos de itens essenciais e\/ou recibos de hospedagem.<\/p>\n<\/div><\/div><\/div><\/div><\/div><\/div><\/div><\/div><\/div><\/div><div class=\"fusion-fullwidth fullwidth-box fusion-builder-row-3 fusion-flex-container has-pattern-background has-mask-background nonhundred-percent-fullwidth non-hundred-percent-height-scrolling\" style=\"--awb-background-position:left top;--awb-border-sizes-top:0px;--awb-border-sizes-bottom:0px;--awb-border-sizes-left:0px;--awb-border-sizes-right:0px;--awb-border-radius-top-left:0px;--awb-border-radius-top-right:0px;--awb-border-radius-bottom-right:0px;--awb-border-radius-bottom-left:0px;--awb-padding-top:130px;--awb-padding-bottom:130px;--awb-padding-top-medium:90px;--awb-padding-bottom-medium:90px;--awb-margin-bottom-medium:0px;--awb-background-color:hsla(var(--awb-color5-h),var(--awb-color5-s),calc(var(--awb-color5-l) + 37%),var(--awb-color5-a));--awb-flex-wrap:wrap;\" id=\"testimonials\" ><div class=\"fusion-builder-row fusion-row fusion-flex-align-items-stretch fusion-flex-justify-content-center fusion-flex-content-wrap\" style=\"max-width:calc( 1200px + 60px );margin-left: calc(-60px \/ 2 );margin-right: calc(-60px \/ 2 );\"><div class=\"fusion-layout-column fusion_builder_column fusion-builder-column-6 fusion_builder_column_1_1 1_1 fusion-flex-column fusion-flex-align-self-flex-start fusion-column-no-min-height\" style=\"--awb-padding-right:10vw;--awb-padding-left:10vw;--awb-padding-right-medium:0px;--awb-padding-left-medium:0px;--awb-bg-blend:overlay;--awb-bg-size:cover;--awb-width-large:100%;--awb-margin-top-large:0px;--awb-spacing-right-large:30px;--awb-margin-bottom-large:80px;--awb-spacing-left-large:30px;--awb-width-medium:100%;--awb-spacing-right-medium:30px;--awb-margin-bottom-medium:49px;--awb-spacing-left-medium:30px;--awb-width-small:100%;--awb-spacing-right-small:30px;--awb-margin-bottom-small:30px;--awb-spacing-left-small:30px;\"><div class=\"fusion-column-wrapper fusion-flex-justify-content-flex-start fusion-content-layout-column\"><script src=\"https:\/\/www.cognitoforms.com\/f\/seamless.js\" data-key=\"zP27Mh99N0iX75zQRruDfQ\" data-form=\"107\"><\/script><\/div><\/div><\/div><\/div><\/p>","protected":false},"excerpt":{"rendered":"","protected":false},"author":1,"featured_media":2786,"parent":0,"menu_order":0,"comment_status":"closed","ping_status":"closed","template":"100-width.php","meta":{"inline_featured_image":false,"footnotes":""},"class_list":["post-2784","page","type-page","status-publish","has-post-thumbnail","hentry"],"_links":{"self":[{"href":"https:\/\/hamraheroes.org\/pt\/wp-json\/wp\/v2\/pages\/2784","targetHints":{"allow":["GET"]}}],"collection":[{"href":"https:\/\/hamraheroes.org\/pt\/wp-json\/wp\/v2\/pages"}],"about":[{"href":"https:\/\/hamraheroes.org\/pt\/wp-json\/wp\/v2\/types\/page"}],"author":[{"embeddable":true,"href":"https:\/\/hamraheroes.org\/pt\/wp-json\/wp\/v2\/users\/1"}],"replies":[{"embeddable":true,"href":"https:\/\/hamraheroes.org\/pt\/wp-json\/wp\/v2\/comments?post=2784"}],"version-history":[{"count":12,"href":"https:\/\/hamraheroes.org\/pt\/wp-json\/wp\/v2\/pages\/2784\/revisions"}],"predecessor-version":[{"id":3204,"href":"https:\/\/hamraheroes.org\/pt\/wp-json\/wp\/v2\/pages\/2784\/revisions\/3204"}],"wp:featuredmedia":[{"embeddable":true,"href":"https:\/\/hamraheroes.org\/pt\/wp-json\/wp\/v2\/media\/2786"}],"wp:attachment":[{"href":"https:\/\/hamraheroes.org\/pt\/wp-json\/wp\/v2\/media?parent=2784"}],"curies":[{"name":"wp","href":"https:\/\/api.w.org\/{rel}","templated":true}]}}