{"id":2443,"date":"2023-11-06T12:06:31","date_gmt":"2023-11-06T12:06:31","guid":{"rendered":"https:\/\/hamraheroes.org\/?page_id=2443"},"modified":"2026-02-19T17:41:50","modified_gmt":"2026-02-19T17:41:50","slug":"how-it-works","status":"publish","type":"page","link":"https:\/\/hamraheroes.org\/pt\/how-it-works\/","title":{"rendered":"Como Funciona"},"content":{"rendered":"<p><div class=\"fusion-fullwidth fullwidth-box fusion-builder-row-1 fusion-flex-container has-pattern-background has-mask-background nonhundred-percent-fullwidth non-hundred-percent-height-scrolling fusion-custom-z-index\" style=\"--link_hover_color: var(--awb-color5);--link_color: var(--awb-color8);--awb-border-color:hsla(var(--awb-color3-h),var(--awb-color3-s),calc(var(--awb-color3-l) + 10%),var(--awb-color3-a));--awb-border-radius-top-left:0px;--awb-border-radius-top-right:0px;--awb-border-radius-bottom-right:0px;--awb-border-radius-bottom-left:0px;--awb-z-index:9999;--awb-padding-top:15px;--awb-padding-bottom:15px;--awb-background-color:var(--awb-color1);--awb-flex-wrap:wrap;--awb-box-shadow:0px 2px 7px 0px hsla(var(--awb-color8-h),var(--awb-color8-s),var(--awb-color8-l),calc(var(--awb-color8-a) - 93%));\" ><div class=\"fusion-builder-row fusion-row fusion-flex-align-items-flex-start fusion-flex-content-wrap\" style=\"max-width:1248px;margin-left: calc(-4% \/ 2 );margin-right: calc(-4% \/ 2 );\"><div class=\"fusion-layout-column fusion_builder_column fusion-builder-column-0 fusion_builder_column_1_1 1_1 fusion-flex-column fusion-flex-align-self-flex-start fusion-column-no-min-height fusion-animated\" style=\"--awb-padding-top:20px;--awb-bg-blend:overlay;--awb-bg-size:cover;--awb-width-large:100%;--awb-margin-top-large:0px;--awb-spacing-right-large:1.92%;--awb-margin-bottom-large:0px;--awb-spacing-left-large:1.92%;--awb-width-medium:100%;--awb-spacing-right-medium:1.92%;--awb-spacing-left-medium:1.92%;--awb-width-small:100%;--awb-spacing-right-small:1.92%;--awb-spacing-left-small:1.92%;\" data-animationtype=\"fadeIn\" data-animationduration=\"0.8\" data-animationoffset=\"top-into-view\"><div class=\"fusion-column-wrapper fusion-flex-justify-content-center fusion-content-layout-row\"><div class=\"fusion-title title fusion-title-1 fusion-sep-none fusion-title-text fusion-title-size-two\"><h2 class=\"fusion-title-heading title-heading-left\" style=\"margin:0;\"><h1>Hist\u00f3rias de Her\u00f3is Reais<\/h1><\/h2><\/div><\/div><\/div><div class=\"fusion-layout-column fusion_builder_column fusion-builder-column-1 fusion_builder_column_1_1 1_1 fusion-flex-column fusion-flex-align-self-flex-start fusion-column-no-min-height fusion-animated\" style=\"--awb-padding-bottom:10px;--awb-bg-blend:overlay;--awb-bg-size:cover;--awb-width-large:100%;--awb-margin-top-large:0px;--awb-spacing-right-large:1.92%;--awb-margin-bottom-large:0px;--awb-spacing-left-large:1.92%;--awb-width-medium:100%;--awb-spacing-right-medium:1.92%;--awb-spacing-left-medium:1.92%;--awb-width-small:100%;--awb-spacing-right-small:1.92%;--awb-spacing-left-small:1.92%;\" data-animationtype=\"fadeIn\" data-animationduration=\"0.8\" data-animationoffset=\"top-into-view\"><div class=\"fusion-column-wrapper fusion-flex-justify-content-center fusion-content-layout-row\"><div class=\"fusion-text fusion-text-1\"><p>Veja pessoas reais se beneficiando do HERO Fund!<\/p>\n<\/div><\/div><\/div><div class=\"fusion-layout-column fusion_builder_column fusion-builder-column-2 fusion_builder_column_1_1 1_1 fusion-flex-column\" style=\"--awb-bg-size:cover;--awb-width-large:100%;--awb-margin-top-large:0px;--awb-spacing-right-large:1.92%;--awb-margin-bottom-large:20px;--awb-spacing-left-large:1.92%;--awb-width-medium:100%;--awb-order-medium:0;--awb-spacing-right-medium:1.92%;--awb-spacing-left-medium:1.92%;--awb-width-small:100%;--awb-order-small:0;--awb-spacing-right-small:1.92%;--awb-spacing-left-small:1.92%;\"><div class=\"fusion-column-wrapper fusion-column-has-shadow fusion-flex-justify-content-flex-start fusion-content-layout-column\"><div style=\"text-align:center;\"><a class=\"fusion-button button-flat fusion-button-default-size button-custom fusion-button-default button-1 fusion-button-default-span fusion-button-default-type\" style=\"--button_accent_color:var(--awb-color1);--button_accent_hover_color:var(--awb-color1);--button_border_hover_color:var(--awb-color1);--button_gradient_top_color:#bf311a;--button_gradient_bottom_color:#bf311a;--button_gradient_top_color_hover:#d7513c;--button_gradient_bottom_color_hover:#d7513c;--button_padding-right:25px;--button_padding-left:25px;\" target=\"_self\" href=\"https:\/\/hamraheroes.org\/pt\/testimonials\/\"><span class=\"fusion-button-text\">Ver Hist\u00f3rias<\/span><\/a><\/div><\/div><\/div><\/div><\/div>\n<div class=\"fusion-fullwidth fullwidth-box fusion-builder-row-2 fusion-flex-container has-pattern-background has-mask-background nonhundred-percent-fullwidth non-hundred-percent-height-scrolling\" style=\"--awb-border-radius-top-left:0px;--awb-border-radius-top-right:0px;--awb-border-radius-bottom-right:0px;--awb-border-radius-bottom-left:0px;--awb-padding-top:60px;--awb-padding-bottom:60px;--awb-background-color:#f4f4f4;--awb-flex-wrap:wrap;\" ><div class=\"fusion-builder-row fusion-row fusion-flex-align-items-flex-start fusion-flex-content-wrap\" style=\"max-width:1248px;margin-left: calc(-4% \/ 2 );margin-right: calc(-4% \/ 2 );\"><div class=\"fusion-layout-column fusion_builder_column fusion-builder-column-3 fusion_builder_column_1_2 1_2 fusion-flex-column\" style=\"--awb-padding-top:25px;--awb-padding-right:25px;--awb-padding-bottom:25px;--awb-padding-left:25px;--awb-overflow:hidden;--awb-bg-color:#ffffff;--awb-bg-color-hover:#ffffff;--awb-bg-size:cover;--awb-border-radius:15px 15px 15px 15px;--awb-width-large:50%;--awb-margin-top-large:30px;--awb-spacing-right-large:3.84%;--awb-margin-bottom-large:20px;--awb-spacing-left-large:3.84%;--awb-width-medium:50%;--awb-order-medium:0;--awb-spacing-right-medium:3.84%;--awb-spacing-left-medium:3.84%;--awb-width-small:100%;--awb-order-small:0;--awb-spacing-right-small:1.92%;--awb-spacing-left-small:1.92%;\"><div class=\"fusion-column-wrapper fusion-column-has-shadow fusion-flex-justify-content-flex-start fusion-content-layout-column\"><i class=\"fb-icon-element-1 fb-icon-element fontawesome-icon fa-gift fas circle-yes\" style=\"--awb-iconcolor:#bf311a;--awb-iconcolor-hover:#bf311a;--awb-circlecolor-hover:var(--awb-color5);--awb-circlebordercolor-hover:var(--awb-color8);--awb-circlebordersize:0px;--awb-font-size:42.24px;--awb-width:84.48px;--awb-height:84.48px;--awb-line-height:84.48px;--awb-margin-top:0;--awb-margin-right:0;--awb-margin-bottom:0;--awb-margin-left:0;--awb-align-self:center;\"><\/i><div class=\"fusion-title title fusion-title-2 fusion-sep-none fusion-title-center fusion-title-text fusion-title-size-five\"><h5 class=\"fusion-title-heading title-heading-center\" style=\"margin:0;\">Eu sou eleg\u00edvel para ajuda?<\/h5><\/div><div class=\"fusion-text fusion-text-2\" style=\"--awb-content-alignment:center;\"><p>Todos os funcion\u00e1rios da Hamra Enterprises (tempo parcial e integral) s\u00e3o eleg\u00edveis para assist\u00eancia de emerg\u00eancia atrav\u00e9s do The HERO Fund. \u201cFuncion\u00e1rios da Hamra Enterprises\u201d inclui funcion\u00e1rios da Boston Bread, Hamra Coffee, Chicago Bread, Southern Bread, Wendy\u2019s of Missouri, Wendy\u2019s of New England, Wendy\u2019s of Chicago, Hamra Noodles e Hamra Management. Um funcion\u00e1rio n\u00e3o precisa doar para o fundo para se candidatar e receber financiamento.<\/p>\n<\/div><\/div><\/div><div class=\"fusion-layout-column fusion_builder_column fusion-builder-column-4 fusion_builder_column_1_2 1_2 fusion-flex-column\" style=\"--awb-padding-top:25px;--awb-padding-right:25px;--awb-padding-bottom:25px;--awb-padding-left:25px;--awb-overflow:hidden;--awb-bg-color:#ffffff;--awb-bg-color-hover:#ffffff;--awb-bg-size:cover;--awb-border-radius:15px 15px 15px 15px;--awb-width-large:50%;--awb-margin-top-large:30px;--awb-spacing-right-large:3.84%;--awb-margin-bottom-large:20px;--awb-spacing-left-large:3.84%;--awb-width-medium:50%;--awb-order-medium:0;--awb-spacing-right-medium:3.84%;--awb-spacing-left-medium:3.84%;--awb-width-small:100%;--awb-order-small:0;--awb-spacing-right-small:1.92%;--awb-spacing-left-small:1.92%;\"><div class=\"fusion-column-wrapper fusion-column-has-shadow fusion-flex-justify-content-flex-start fusion-content-layout-column\"><i class=\"fb-icon-element-2 fb-icon-element fontawesome-icon fa-store-alt fas circle-yes\" style=\"--awb-iconcolor:#bf311a;--awb-iconcolor-hover:#bf311a;--awb-circlecolor-hover:var(--awb-color5);--awb-circlebordercolor-hover:var(--awb-color8);--awb-circlebordersize:0px;--awb-font-size:42.24px;--awb-width:84.48px;--awb-height:84.48px;--awb-line-height:84.48px;--awb-margin-top:0;--awb-margin-right:0;--awb-margin-bottom:0;--awb-margin-left:0;--awb-align-self:center;\"><\/i><div class=\"fusion-title title fusion-title-3 fusion-sep-none fusion-title-center fusion-title-text fusion-title-size-five\"><h5 class=\"fusion-title-heading title-heading-center\" style=\"margin:0;\">Como me qualifico para ajuda emergencial?<\/h5><\/div><div class=\"fusion-text fusion-text-3\" style=\"--awb-content-alignment:left;\"><ul>\n<li style=\"text-align: left;\">Sou um funcion\u00e1rio ativo da Hamra Management, Wendy\u2019s of Missouri, Wendys of New England, Wendy\u2019s of Chicago, Chicago Bread, Boston Bread, Southern Bread, Hamra Noodles ou Hama Coffee.<\/li>\n<li style=\"text-align: left;\">Para qualquer n\u00edvel de bolsa de emerg\u00eancia, a dificuldade \u00e9 inesperada e est\u00e1 al\u00e9m do meu controle.<\/li>\n<li style=\"text-align: left;\">Capacidade de fornecer documenta\u00e7\u00e3o pertinente para apoiar a concess\u00e3o.<\/li>\n<li style=\"text-align: left;\">N\u00e3o mais que dois subs\u00eddios aprovados e financiados em um per\u00edodo de 12 meses consecutivos.<\/li>\n<li style=\"text-align: left;\">O \u201cevento\u201d deve ter ocorrido durante o seu emprego na Hamra.<\/li>\n<li style=\"text-align: left;\">O funcion\u00e1rio n\u00e3o atingiu o valor m\u00e1ximo de subs\u00eddio de aux\u00edlio-educa\u00e7\u00e3o de $5.000 durante todo o seu per\u00edodo de emprego.<\/li>\n<\/ul>\n<\/div><\/div><\/div><\/div><\/div><div class=\"fusion-fullwidth fullwidth-box fusion-builder-row-3 fusion-flex-container has-pattern-background has-mask-background nonhundred-percent-fullwidth non-hundred-percent-height-scrolling\" style=\"--awb-border-radius-top-left:0px;--awb-border-radius-top-right:0px;--awb-border-radius-bottom-right:0px;--awb-border-radius-bottom-left:0px;--awb-background-color:#bf311a;--awb-flex-wrap:wrap;\" ><div class=\"fusion-builder-row fusion-row fusion-flex-align-items-flex-start fusion-flex-content-wrap\" style=\"max-width:1248px;margin-left: calc(-4% \/ 2 );margin-right: calc(-4% \/ 2 );\"><div class=\"fusion-layout-column fusion_builder_column fusion-builder-column-5 fusion_builder_column_1_1 1_1 fusion-flex-column\" style=\"--awb-padding-top:25px;--awb-padding-bottom:25px;--awb-bg-size:cover;--awb-width-large:100%;--awb-margin-top-large:0px;--awb-spacing-right-large:1.92%;--awb-margin-bottom-large:20px;--awb-spacing-left-large:1.92%;--awb-width-medium:100%;--awb-order-medium:0;--awb-spacing-right-medium:1.92%;--awb-spacing-left-medium:1.92%;--awb-width-small:100%;--awb-order-small:0;--awb-spacing-right-small:1.92%;--awb-spacing-left-small:1.92%;\"><div class=\"fusion-column-wrapper fusion-column-has-shadow fusion-flex-justify-content-flex-start fusion-content-layout-column\"><div class=\"fusion-title title fusion-title-4 fusion-sep-none fusion-title-center fusion-title-text fusion-title-size-four\" style=\"--awb-text-color:#ffffff;\"><h4 class=\"fusion-title-heading title-heading-center\" style=\"margin:0;\">Inscreva-se para obter ajuda<\/h4><\/div><div style=\"text-align:center;\"><a class=\"fusion-button button-flat fusion-button-default-size button-custom fusion-button-default button-2 fusion-button-default-span\" style=\"--button_bevel_color:var(--awb-color4);--button_bevel_color_hover:var(--awb-color4);--button_accent_color:#000000;--button_accent_hover_color:#000000;--button_border_hover_color:#000000;--button_border_width-top:0px;--button_border_width-right:0px;--button_border_width-bottom:0px;--button_border_width-left:0px;--button_gradient_top_color:#ffffff;--button_gradient_bottom_color:#ffffff;--button_gradient_top_color_hover:hsla(var(--awb-color5-h),var(--awb-color5-s),calc(var(--awb-color5-l) - 10%),var(--awb-color5-a));--button_gradient_bottom_color_hover:hsla(var(--awb-color5-h),var(--awb-color5-s),calc(var(--awb-color5-l) - 10%),var(--awb-color5-a));--button_padding-top:18px;--button_padding-right:40px;--button_padding-bottom:18px;--button_padding-left:40px;\" target=\"_self\" data-hover=\"text_slide_up\" href=\"https:\/\/hamraheroes.org\/pt\/what-we-do\/\"><div class=\"awb-button-text-transition\"><span class=\"fusion-button-text\">Aprender Como<\/span><span class=\"fusion-button-text\">Aprender Como<\/span><\/div><\/a><\/div><\/div><\/div><\/div><\/div><div class=\"fusion-fullwidth fullwidth-box fusion-builder-row-4 fusion-flex-container has-pattern-background has-mask-background nonhundred-percent-fullwidth non-hundred-percent-height-scrolling\" style=\"--awb-background-position:left top;--awb-border-sizes-top:0px;--awb-border-sizes-bottom:0px;--awb-border-sizes-left:0px;--awb-border-sizes-right:0px;--awb-border-radius-top-left:0px;--awb-border-radius-top-right:0px;--awb-border-radius-bottom-right:0px;--awb-border-radius-bottom-left:0px;--awb-padding-top:80px;--awb-padding-bottom:50px;--awb-padding-top-medium:90px;--awb-padding-bottom-medium:90px;--awb-margin-bottom-medium:0px;--awb-background-color:var(--awb-color1);--awb-flex-wrap:wrap;\" ><div class=\"fusion-builder-row fusion-row fusion-flex-align-items-flex-start fusion-flex-justify-content-flex-end fusion-flex-content-wrap\" style=\"max-width:calc( 1200px + 80px );margin-left: calc(-80px \/ 2 );margin-right: calc(-80px \/ 2 );\"><div class=\"fusion-layout-column fusion_builder_column fusion-builder-column-6 fusion_builder_column_1_2 1_2 fusion-flex-column fusion-column-no-min-height fusion-animated\" style=\"--awb-padding-right-medium:0px;--awb-padding-left-medium:0px;--awb-bg-blend:overlay;--awb-bg-size:cover;--awb-width-large:50%;--awb-margin-top-large:0px;--awb-spacing-right-large:calc( 0.16 * calc( 100% - 80px ) );--awb-margin-bottom-large:90px;--awb-spacing-left-large:40px;--awb-width-medium:50%;--awb-spacing-right-medium:calc( 0.16 * calc( 100% - 80px ) );--awb-margin-bottom-medium:49px;--awb-spacing-left-medium:40px;--awb-width-small:100%;--awb-spacing-right-small:40px;--awb-margin-bottom-small:0px;--awb-spacing-left-small:40px;\" data-animationtype=\"fadeIn\" data-animationduration=\"0.8\" data-animationoffset=\"top-into-view\"><div class=\"fusion-column-wrapper fusion-flex-justify-content-flex-start fusion-content-layout-column\"><div class=\"fusion-text fusion-text-4 fusion-text-no-margin\" style=\"--awb-font-size:var(--awb-typography3-font-size);--awb-line-height:var(--awb-typography3-line-height);--awb-letter-spacing:var(--awb-typography3-letter-spacing);--awb-text-transform:var(--awb-typography3-text-transform);--awb-text-color:#bf311a;--awb-text-font-family:var(--awb-typography3-font-family);--awb-text-font-weight:var(--awb-typography3-font-weight);--awb-text-font-style:var(--awb-typography3-font-style);\"><p>O Fundo HERO<\/p>\n<\/div><div class=\"fusion-title title fusion-title-5 fusion-sep-none fusion-title-text fusion-title-size-three\" style=\"--awb-margin-bottom:25px;\"><h3 class=\"fusion-title-heading title-heading-left\" style=\"margin:0;\"><strong>O PROCESSO DE FINANCIAMENTO DE EMERG\u00caNCIA<\/strong><\/h3><\/div><div class=\"fusion-image-element\" style=\"--awb-aspect-ratio:3 \/ 2;--awb-max-width:485px;--awb-caption-title-font-family:var(--h2_typography-font-family);--awb-caption-title-font-weight:var(--h2_typography-font-weight);--awb-caption-title-font-style:var(--h2_typography-font-style);--awb-caption-title-size:var(--h2_typography-font-size);--awb-caption-title-transform:var(--h2_typography-text-transform);--awb-caption-title-line-height:var(--h2_typography-line-height);--awb-caption-title-letter-spacing:var(--h2_typography-letter-spacing);\"><div style=\"display:inline-block;width:485px;\"><span class=\"fusion-imageframe imageframe-none imageframe-1 hover-type-none has-aspect-ratio\"><img decoding=\"async\" width=\"544\" height=\"622\" title=\"m\u00e3os\" src=\"https:\/\/hamraheroes.org\/wp-content\/uploads\/2023\/11\/hands.webp\" data-orig-src=\"https:\/\/hamraheroes.org\/wp-content\/uploads\/2023\/11\/hands.webp\" class=\"lazyload img-responsive wp-image-2485 img-with-aspect-ratio\" alt srcset=\"data:image\/svg+xml,%3Csvg%20xmlns%3D%27http%3A%2F%2Fwww.w3.org%2F2000%2Fsvg%27%20width%3D%27544%27%20height%3D%27622%27%20viewBox%3D%270%200%20544%20622%27%3E%3Crect%20width%3D%27544%27%20height%3D%27622%27%20fill-opacity%3D%220%22%2F%3E%3C%2Fsvg%3E\" data-srcset=\"https:\/\/hamraheroes.org\/wp-content\/uploads\/2023\/11\/hands-200x229.webp 200w, https:\/\/hamraheroes.org\/wp-content\/uploads\/2023\/11\/hands-262x300.webp 262w, https:\/\/hamraheroes.org\/wp-content\/uploads\/2023\/11\/hands-400x457.webp 400w, https:\/\/hamraheroes.org\/wp-content\/uploads\/2023\/11\/hands.webp 544w\" data-sizes=\"auto\" data-orig-sizes=\"(max-width: 700px) 100vw, 544px\" \/><\/span><\/div><\/div><\/div><\/div><div class=\"fusion-layout-column fusion_builder_column fusion-builder-column-7 fusion_builder_column_1_2 1_2 fusion-flex-column fusion-column-no-min-height fusion-animated\" style=\"--awb-padding-right-medium:0px;--awb-padding-left-medium:0px;--awb-bg-blend:overlay;--awb-bg-size:cover;--awb-width-large:50%;--awb-margin-top-large:0px;--awb-spacing-right-large:40px;--awb-margin-bottom-large:90px;--awb-spacing-left-large:calc( 0.032 * calc( 100% - 80px ) );--awb-width-medium:50%;--awb-spacing-right-medium:40px;--awb-margin-bottom-medium:49px;--awb-spacing-left-medium:calc( 0.032 * calc( 100% - 80px ) );--awb-width-small:100%;--awb-spacing-right-small:40px;--awb-margin-bottom-small:30px;--awb-spacing-left-small:40px;\" data-animationtype=\"fadeIn\" data-animationduration=\"0.8\" data-animationoffset=\"top-into-view\"><div class=\"fusion-column-wrapper fusion-flex-justify-content-flex-start fusion-content-layout-column\"><div class=\"fusion-separator fusion-full-width-sep\" style=\"align-self: center;margin-left: auto;margin-right: auto;margin-top:15px;width:100%;\"><\/div><div class=\"fusion-text fusion-text-5 fusion-text-no-margin\" style=\"--awb-text-color:hsla(var(--awb-color8-h),var(--awb-color8-s),var(--awb-color8-l),calc(var(--awb-color8-a) - 20%));--awb-margin-bottom:10px;\"><p>Quando um funcion\u00e1rio solicita financiamento emergencial, sua solicita\u00e7\u00e3o \u00e9 revisada por um administrador do HERO Fund para avaliar o caminho que fornecer\u00e1 o suporte mais eficaz para o solicitante. Ap\u00f3s o envio, um solicitante receber\u00e1 uma liga\u00e7\u00e3o de um administrador do HERO Fund em at\u00e9 2 dias \u00fateis. Assim que o administrador tiver a documenta\u00e7\u00e3o necess\u00e1ria, a solicita\u00e7\u00e3o de subs\u00eddio do HERO do solicitante ser\u00e1 enviada ao Comit\u00ea Gestor (sem nome ou qualquer informa\u00e7\u00e3o identificadora para preservar a confidencialidade) para ser revisada e votada com base nas diretrizes de elegibilidade do HERO e na documenta\u00e7\u00e3o adequada. Este processo de revis\u00e3o geralmente leva 2 dias \u00fateis. Quaisquer fundos aprovados ser\u00e3o enviados na quinta-feira seguinte via USPS. Aguarde at\u00e9 duas semanas para que os cheques cheguem pelo correio.<\/p>\n<\/div><div ><a class=\"fusion-button button-flat fusion-button-default-size button-custom fusion-button-default button-3 fusion-button-default-span\" style=\"--button_bevel_color:var(--awb-color4);--button_bevel_color_hover:var(--awb-color4);--button_accent_color:var(--awb-color1);--button_accent_hover_color:#000000;--button_border_hover_color:#000000;--button_border_width-top:0px;--button_border_width-right:0px;--button_border_width-bottom:0px;--button_border_width-left:0px;--button_gradient_top_color:#bf311a;--button_gradient_bottom_color:#bf311a;--button_gradient_top_color_hover:hsla(var(--awb-color5-h),var(--awb-color5-s),calc(var(--awb-color5-l) - 10%),var(--awb-color5-a));--button_gradient_bottom_color_hover:hsla(var(--awb-color5-h),var(--awb-color5-s),calc(var(--awb-color5-l) - 10%),var(--awb-color5-a));--button_padding-top:18px;--button_padding-right:40px;--button_padding-bottom:18px;--button_padding-left:40px;--button_margin-top:25px;\" target=\"_self\" data-hover=\"text_slide_up\" href=\"https:\/\/hamraheroes.org\/pt\/give\/\"><div class=\"awb-button-text-transition\"><span class=\"fusion-button-text\">D\u00ea Hoje<\/span><span class=\"fusion-button-text\">D\u00ea Hoje<\/span><\/div><\/a><\/div><\/div><\/div><\/div><\/div><\/p>","protected":false},"excerpt":{"rendered":"","protected":false},"author":1,"featured_media":2654,"parent":0,"menu_order":0,"comment_status":"closed","ping_status":"closed","template":"100-width.php","meta":{"inline_featured_image":false,"footnotes":""},"class_list":["post-2443","page","type-page","status-publish","has-post-thumbnail","hentry"],"_links":{"self":[{"href":"https:\/\/hamraheroes.org\/pt\/wp-json\/wp\/v2\/pages\/2443","targetHints":{"allow":["GET"]}}],"collection":[{"href":"https:\/\/hamraheroes.org\/pt\/wp-json\/wp\/v2\/pages"}],"about":[{"href":"https:\/\/hamraheroes.org\/pt\/wp-json\/wp\/v2\/types\/page"}],"author":[{"embeddable":true,"href":"https:\/\/hamraheroes.org\/pt\/wp-json\/wp\/v2\/users\/1"}],"replies":[{"embeddable":true,"href":"https:\/\/hamraheroes.org\/pt\/wp-json\/wp\/v2\/comments?post=2443"}],"version-history":[{"count":16,"href":"https:\/\/hamraheroes.org\/pt\/wp-json\/wp\/v2\/pages\/2443\/revisions"}],"predecessor-version":[{"id":3212,"href":"https:\/\/hamraheroes.org\/pt\/wp-json\/wp\/v2\/pages\/2443\/revisions\/3212"}],"wp:featuredmedia":[{"embeddable":true,"href":"https:\/\/hamraheroes.org\/pt\/wp-json\/wp\/v2\/media\/2654"}],"wp:attachment":[{"href":"https:\/\/hamraheroes.org\/pt\/wp-json\/wp\/v2\/media?parent=2443"}],"curies":[{"name":"wp","href":"https:\/\/api.w.org\/{rel}","templated":true}]}}