{"id":2322,"date":"2023-10-20T12:42:43","date_gmt":"2023-10-20T12:42:43","guid":{"rendered":"https:\/\/hamraheroes.org\/?page_id=2322"},"modified":"2026-02-19T17:23:26","modified_gmt":"2026-02-19T17:23:26","slug":"tuition-reimbursement","status":"publish","type":"page","link":"https:\/\/hamraheroes.org\/pt\/tuition-reimbursement\/","title":{"rendered":"Reembolso de Mensalidade"},"content":{"rendered":"<p><div id=\"who\" class=\"fusion-container-anchor\"><div class=\"fusion-fullwidth fullwidth-box fusion-builder-row-1 fusion-flex-container has-pattern-background has-mask-background nonhundred-percent-fullwidth non-hundred-percent-height-scrolling\" style=\"--link_hover_color: var(--awb-color5);--link_color: var(--awb-color5);--awb-background-position:right top;--awb-background-blend-mode:overlay;--awb-border-color:var(--awb-color1);--awb-border-radius-top-left:0px;--awb-border-radius-top-right:0px;--awb-border-radius-bottom-right:0px;--awb-border-radius-bottom-left:0px;--awb-padding-top:30px;--awb-padding-bottom:120px;--awb-padding-top-medium:90px;--awb-padding-bottom-medium:90px;--awb-padding-top-small:80px;--awb-padding-bottom-small:80px;--awb-margin-bottom-medium:0px;--awb-background-color:var(--awb-color1);--awb-flex-wrap:wrap;\" ><div class=\"fusion-builder-row fusion-row fusion-flex-align-items-center fusion-flex-content-wrap\" style=\"max-width:1248px;margin-left: calc(-4% \/ 2 );margin-right: calc(-4% \/ 2 );\"><div class=\"fusion-layout-column fusion_builder_column fusion-builder-column-0 fusion_builder_column_1_2 1_2 fusion-flex-column\" style=\"--awb-bg-size:cover;--awb-width-large:50%;--awb-margin-top-large:0px;--awb-spacing-right-large:72px;--awb-margin-bottom-large:0px;--awb-spacing-left-large:3.84%;--awb-width-medium:50%;--awb-order-medium:0;--awb-spacing-right-medium:70px;--awb-spacing-left-medium:3.84%;--awb-width-small:100%;--awb-order-small:0;--awb-spacing-right-small:1.92%;--awb-spacing-left-small:1.92%;\"><div class=\"fusion-column-wrapper fusion-column-has-shadow fusion-flex-justify-content-flex-start fusion-content-layout-column\"><div class=\"fusion-text fusion-text-1\" style=\"--awb-text-color:#000000;\"><p><a style=\"color: #bf311a;\" href=\"https:\/\/hamraheroes.org\/pt\/what-we-do\/\">De volta \u00e0s subven\u00e7\u00f5es<\/a><\/p>\n<\/div>\n<div class=\"fusion-image-element\" style=\"--awb-caption-title-font-family:var(--h2_typography-font-family);--awb-caption-title-font-weight:var(--h2_typography-font-weight);--awb-caption-title-font-style:var(--h2_typography-font-style);--awb-caption-title-size:var(--h2_typography-font-size);--awb-caption-title-transform:var(--h2_typography-text-transform);--awb-caption-title-line-height:var(--h2_typography-line-height);--awb-caption-title-letter-spacing:var(--h2_typography-letter-spacing);\"><span class=\"fusion-imageframe imageframe-none imageframe-1 hover-type-none\"><img decoding=\"async\" width=\"941\" height=\"1135\" title=\"reembolso de matr\u00edcula\" src=\"https:\/\/hamraheroes.org\/wp-content\/uploads\/2023\/11\/tuition-reb.webp\" data-orig-src=\"https:\/\/hamraheroes.org\/wp-content\/uploads\/2023\/11\/tuition-reb.webp\" alt class=\"lazyload img-responsive wp-image-2577\" srcset=\"data:image\/svg+xml,%3Csvg%20xmlns%3D%27http%3A%2F%2Fwww.w3.org%2F2000%2Fsvg%27%20width%3D%27941%27%20height%3D%271135%27%20viewBox%3D%270%200%20941%201135%27%3E%3Crect%20width%3D%27941%27%20height%3D%271135%27%20fill-opacity%3D%220%22%2F%3E%3C%2Fsvg%3E\" data-srcset=\"https:\/\/hamraheroes.org\/wp-content\/uploads\/2023\/11\/tuition-reb-200x241.webp 200w, https:\/\/hamraheroes.org\/wp-content\/uploads\/2023\/11\/tuition-reb-249x300.webp 249w, https:\/\/hamraheroes.org\/wp-content\/uploads\/2023\/11\/tuition-reb-400x482.webp 400w, https:\/\/hamraheroes.org\/wp-content\/uploads\/2023\/11\/tuition-reb-600x724.webp 600w, https:\/\/hamraheroes.org\/wp-content\/uploads\/2023\/11\/tuition-reb-768x926.webp 768w, https:\/\/hamraheroes.org\/wp-content\/uploads\/2023\/11\/tuition-reb-800x965.webp 800w, https:\/\/hamraheroes.org\/wp-content\/uploads\/2023\/11\/tuition-reb-849x1024.webp 849w, https:\/\/hamraheroes.org\/wp-content\/uploads\/2023\/11\/tuition-reb.webp 941w\" data-sizes=\"auto\" data-orig-sizes=\"(max-width: 700px) 100vw, 600px\" \/><\/span><\/div><\/div><\/div><div class=\"fusion-layout-column fusion_builder_column fusion-builder-column-1 fusion_builder_column_1_2 1_2 fusion-flex-column fusion-animated\" style=\"--awb-padding-bottom-medium:0px;--awb-bg-size:cover;--awb-width-large:50%;--awb-margin-top-large:0px;--awb-spacing-right-large:3.84%;--awb-margin-bottom-large:0px;--awb-spacing-left-large:0px;--awb-width-medium:50%;--awb-order-medium:0;--awb-spacing-right-medium:3.84%;--awb-spacing-left-medium:20px;--awb-width-small:100%;--awb-order-small:0;--awb-spacing-right-small:1.92%;--awb-spacing-left-small:20px;\" data-animationtype=\"fadeInRight\" data-animationduration=\"1.3\" data-animationoffset=\"top-into-view\"><div class=\"fusion-column-wrapper fusion-column-has-shadow fusion-flex-justify-content-flex-start fusion-content-layout-column\"><div class=\"fusion-text fusion-text-2 fusion-text-no-margin\" style=\"--awb-margin-bottom:10px;\"><h2 data-fontsize=\"42\" data-lineheight=\"50.4px\" class=\"fusion-responsive-typography-calculated\" style=\"--fontSize: 42; line-height: 1.2;\">Janela do Aplicativo:<\/h2>\n<p>  Temos duas janelas de aplica\u00e7\u00e3o por ano quando as candidaturas podem ser submetidas:<\/p>\n<ul>\n<li>1\u00ba de mar\u00e7o a 30 de abril para reembolso do Semestre de Outono com pagamento no final de maio.<\/li>\n<li>De 1\u00ba de setembro a 31 de outubro para reembolso de primavera e ver\u00e3o com pagamento no final de novembro.<\/li>\n<\/ul>\n<p>Quaisquer candidaturas submetidas fora do per\u00edodo de inscri\u00e7\u00e3o ser\u00e3o automaticamente negadas e o candidato dever\u00e1 se inscrever novamente durante o per\u00edodo de inscri\u00e7\u00e3o aberto.<\/p>\n<\/div><\/div><\/div><\/div><\/div><\/div><div id=\"team\" class=\"fusion-container-anchor\"><div class=\"fusion-fullwidth fullwidth-box fusion-builder-row-2 fusion-flex-container has-pattern-background has-mask-background nonhundred-percent-fullwidth non-hundred-percent-height-scrolling\" style=\"--link_hover_color: var(--awb-color2);--link_color: var(--awb-color4);--awb-background-position:left top;--awb-border-sizes-top:0px;--awb-border-sizes-bottom:0px;--awb-border-sizes-left:0px;--awb-border-sizes-right:0px;--awb-border-radius-top-left:0px;--awb-border-radius-top-right:0px;--awb-border-radius-bottom-right:0px;--awb-border-radius-bottom-left:0px;--awb-padding-top:130px;--awb-padding-bottom:130px;--awb-padding-top-medium:90px;--awb-padding-bottom-medium:90px;--awb-margin-bottom-medium:0px;--awb-background-color:#f5f2f2;--awb-flex-wrap:wrap;\" ><div class=\"fusion-builder-row fusion-row fusion-flex-align-items-flex-start fusion-flex-justify-content-center fusion-flex-content-wrap\" style=\"max-width:calc( 1200px + 120px );margin-left: calc(-120px \/ 2 );margin-right: calc(-120px \/ 2 );\"><div class=\"fusion-layout-column fusion_builder_column fusion-builder-column-2 fusion_builder_column_1_1 1_1 fusion-flex-column\" style=\"--awb-bg-size:cover;--awb-width-large:100%;--awb-margin-top-large:0px;--awb-spacing-right-large:72px;--awb-margin-bottom-large:0px;--awb-spacing-left-large:60px;--awb-width-medium:50%;--awb-order-medium:0;--awb-spacing-right-medium:70px;--awb-spacing-left-medium:60px;--awb-width-small:100%;--awb-order-small:0;--awb-spacing-right-small:60px;--awb-spacing-left-small:60px;\"><div class=\"fusion-column-wrapper fusion-column-has-shadow fusion-flex-justify-content-flex-start fusion-content-layout-column\"><div class=\"fusion-text fusion-text-3\"><\/div><div class=\"fusion-title title fusion-title-1 fusion-sep-none fusion-title-text fusion-title-size-four\" style=\"--awb-margin-bottom:30px;\"><h4 class=\"fusion-title-heading title-heading-left fusion-responsive-typography-calculated\" style=\"margin:0;text-transform:uppercase;--fontSize:28.43;line-height:1.4;\"><strong>Requisitos de elegibilidade:<\/strong><\/h4><\/div><div class=\"fusion-text fusion-text-4\"><ul>\n<li> Conclu\u00ed o ensino em institui\u00e7\u00e3o credenciada ou treinamento de lideran\u00e7a aprovado, incluindo o exame GED. (Observa\u00e7\u00e3o: Cursos profissionalizantes ser\u00e3o considerados caso a caso. Creche e escolas privadas de ensino fundamental ou m\u00e9dio n\u00e3o s\u00e3o eleg\u00edveis)<\/li>\n<li>Sou funcion\u00e1rio em status ativo\/licen\u00e7a na \u00e9poca do desembolso do pr\u00eamio OU sou filho dependente de um funcion\u00e1rio em status ativo\/licen\u00e7a na \u00e9poca do desembolso do pr\u00eamio.<\/li>\n<\/ul>\n<\/div><div class=\"fusion-separator\" style=\"align-self: flex-start;margin-right:auto;width:100%;max-width:550px;\"><div class=\"fusion-separator-border sep-single sep-solid\" style=\"--awb-height:20px;--awb-amount:20px;border-color:var(--awb-color3);border-top-width:1px;\"><\/div><\/div><\/div><\/div><div class=\"fusion-layout-column fusion_builder_column fusion-builder-column-3 fusion_builder_column_1_1 1_1 fusion-flex-column\" style=\"--awb-padding-top:35px;--awb-bg-size:cover;--awb-width-large:100%;--awb-margin-top-large:0px;--awb-spacing-right-large:0px;--awb-margin-bottom-large:0px;--awb-spacing-left-large:60px;--awb-width-medium:50%;--awb-order-medium:0;--awb-spacing-right-medium:70px;--awb-spacing-left-medium:60px;--awb-width-small:100%;--awb-order-small:0;--awb-spacing-right-small:60px;--awb-spacing-left-small:60px;\"><div class=\"fusion-column-wrapper fusion-column-has-shadow fusion-flex-justify-content-flex-start fusion-content-layout-column\"><div class=\"fusion-text fusion-text-5\"><p>Pr\u00eamios de Reembolso podem ser concedidos para cobrir custos associados \u00e0 conclus\u00e3o de cursos educacionais aprovados. Este pr\u00eamio pode cobrir o custo total ou parcial de despesas educacionais qualificadas, como taxas, mensalidades e livros necess\u00e1rios para a conclus\u00e3o da aula.<\/p>\n<p>Para ser aprovado, voc\u00ea deve fornecer a documenta\u00e7\u00e3o necess\u00e1ria dentro do prazo de inscri\u00e7\u00e3o (veja abaixo), incluindo comprovante de conclus\u00e3o do curso com nota satisfat\u00f3ria (C ou superior) ou certificado de conclus\u00e3o bem-sucedida e quaisquer recibos de despesas eleg\u00edveis.<\/p>\n<\/div><\/div><\/div><div class=\"fusion-layout-column fusion_builder_column fusion-builder-column-4 fusion_builder_column_1_1 1_1 fusion-flex-column\" style=\"--awb-bg-size:cover;--awb-width-large:100%;--awb-margin-top-large:0px;--awb-spacing-right-large:72px;--awb-margin-bottom-large:0px;--awb-spacing-left-large:60px;--awb-width-medium:50%;--awb-order-medium:0;--awb-spacing-right-medium:70px;--awb-spacing-left-medium:60px;--awb-width-small:100%;--awb-order-small:0;--awb-spacing-right-small:60px;--awb-spacing-left-small:60px;\"><div class=\"fusion-column-wrapper fusion-column-has-shadow fusion-flex-justify-content-flex-start fusion-content-layout-column\"><div class=\"fusion-title title fusion-title-2 fusion-sep-none fusion-title-text fusion-title-size-four\" style=\"--awb-margin-bottom:30px;\"><h4 class=\"fusion-title-heading title-heading-left fusion-responsive-typography-calculated\" style=\"margin:0;text-transform:uppercase;--fontSize:28.43;line-height:1.4;\"><strong>Valor do Pr\u00eamio:<\/strong><\/h4><\/div><div class=\"fusion-separator\" style=\"align-self: flex-start;margin-right:auto;width:100%;max-width:550px;\"><div class=\"fusion-separator-border sep-single sep-solid\" style=\"--awb-height:20px;--awb-amount:20px;border-color:var(--awb-color3);border-top-width:1px;\"><\/div><\/div><\/div><\/div><div class=\"fusion-layout-column fusion_builder_column fusion-builder-column-5 fusion_builder_column_1_1 1_1 fusion-flex-column\" style=\"--awb-padding-top:35px;--awb-bg-size:cover;--awb-width-large:100%;--awb-margin-top-large:0px;--awb-spacing-right-large:0px;--awb-margin-bottom-large:0px;--awb-spacing-left-large:60px;--awb-width-medium:50%;--awb-order-medium:0;--awb-spacing-right-medium:70px;--awb-spacing-left-medium:60px;--awb-width-small:100%;--awb-order-small:0;--awb-spacing-right-small:60px;--awb-spacing-left-small:60px;\"><div class=\"fusion-column-wrapper fusion-column-has-shadow fusion-flex-justify-content-flex-start fusion-content-layout-column\"><div class=\"fusion-text fusion-text-6\"><p>Todas as candidaturas aprovadas receber\u00e3o pr\u00e9mios.<\/p>\n<p>O valor concedido est\u00e1 condicionado ao n\u00famero de inscri\u00e7\u00f5es aprovadas e n\u00e3o exceder\u00e1 $1.000 por candidato aprovado por ano civil e um m\u00e1ximo familiar de $3.000 por ano civil. O valor m\u00e1ximo vital\u00edcio concedido a um benefici\u00e1rio e sua fam\u00edlia \u00e9 de $5.000**<\/p>\n<p>Os pr\u00eamios ser\u00e3o pagos no final de maio e no final de novembro, dependendo do per\u00edodo de pagamento para o qual voc\u00ea est\u00e1 se candidatando.<\/p>\n<p><b>Por favor, note<\/b>:<\/p>\n<p>Os pr\u00eamios ser\u00e3o desembolsados semestralmente. O reembolso educacional m\u00e1ximo por per\u00edodo de desembolso ser\u00e1 de $R$ 35.000. Se os subs\u00eddios totalizarem mais de $R$ 35.000 nesse per\u00edodo de desembolso, reduziremos todos os subs\u00eddios na mesma porcentagem para permanecer com sucesso dentro do valor m\u00e1ximo dispon\u00edvel para desembolso.<\/p>\n<p>Todos os cursos de treinamento de lideran\u00e7a previamente aprovados s\u00e3o eleg\u00edveis para o pr\u00eamio do Fundo de Reembolso de Mensalidade, a menos que seja determinado o contr\u00e1rio pelo Conselho de Administra\u00e7\u00e3o do Fundo HERO. Todas as decis\u00f5es do comit\u00ea s\u00e3o finais. O Fundo HERO reserva-se o direito de alterar ou cancelar este programa anualmente, com as mudan\u00e7as ocorrendo para o pr\u00f3ximo ano civil.<\/p><\/p>\n<\/div><\/div><\/div><\/div><\/div><\/div><div class=\"fusion-fullwidth fullwidth-box fusion-builder-row-3 fusion-flex-container has-pattern-background has-mask-background nonhundred-percent-fullwidth non-hundred-percent-height-scrolling\" style=\"--awb-background-position:left top;--awb-border-sizes-top:0px;--awb-border-sizes-bottom:0px;--awb-border-sizes-left:0px;--awb-border-sizes-right:0px;--awb-border-radius-top-left:0px;--awb-border-radius-top-right:0px;--awb-border-radius-bottom-right:0px;--awb-border-radius-bottom-left:0px;--awb-padding-top:130px;--awb-padding-bottom:130px;--awb-padding-top-medium:90px;--awb-padding-bottom-medium:90px;--awb-margin-bottom-medium:0px;--awb-background-color:hsla(var(--awb-color5-h),var(--awb-color5-s),calc(var(--awb-color5-l) + 37%),var(--awb-color5-a));--awb-flex-wrap:wrap;\" id=\"testimonials\" ><div class=\"fusion-builder-row fusion-row fusion-flex-align-items-stretch fusion-flex-justify-content-center fusion-flex-content-wrap\" style=\"max-width:calc( 1200px + 60px );margin-left: calc(-60px \/ 2 );margin-right: calc(-60px \/ 2 );\"><div class=\"fusion-layout-column fusion_builder_column fusion-builder-column-6 fusion_builder_column_1_1 1_1 fusion-flex-column fusion-flex-align-self-flex-start fusion-column-no-min-height\" style=\"--awb-padding-right:10vw;--awb-padding-left:10vw;--awb-padding-right-medium:0px;--awb-padding-left-medium:0px;--awb-bg-blend:overlay;--awb-bg-size:cover;--awb-width-large:100%;--awb-margin-top-large:0px;--awb-spacing-right-large:30px;--awb-margin-bottom-large:80px;--awb-spacing-left-large:30px;--awb-width-medium:100%;--awb-spacing-right-medium:30px;--awb-margin-bottom-medium:49px;--awb-spacing-left-medium:30px;--awb-width-small:100%;--awb-spacing-right-small:30px;--awb-margin-bottom-small:30px;--awb-spacing-left-small:30px;\"><div class=\"fusion-column-wrapper fusion-flex-justify-content-flex-start fusion-content-layout-column\"><script src=\"https:\/\/www.cognitoforms.com\/f\/seamless.js\" data-key=\"zP27Mh99N0iX75zQRruDfQ\" data-form=\"107\"><\/script><\/div><\/div><\/div><\/div><div class=\"fusion-fullwidth fullwidth-box fusion-builder-row-4 fusion-flex-container has-pattern-background has-mask-background nonhundred-percent-fullwidth non-hundred-percent-height-scrolling\" style=\"--link_hover_color: var(--awb-color5);--link_color: var(--awb-color8);--awb-border-color:hsla(var(--awb-color3-h),var(--awb-color3-s),calc(var(--awb-color3-l) + 10%),var(--awb-color3-a));--awb-border-radius-top-left:0px;--awb-border-radius-top-right:0px;--awb-border-radius-bottom-right:0px;--awb-border-radius-bottom-left:0px;--awb-padding-top:15px;--awb-padding-bottom:15px;--awb-background-color:var(--awb-color1);--awb-flex-wrap:wrap;--awb-box-shadow:0px 2px 7px 0px hsla(var(--awb-color8-h),var(--awb-color8-s),var(--awb-color8-l),calc(var(--awb-color8-a) - 93%));\" ><div class=\"fusion-builder-row fusion-row fusion-flex-align-items-flex-start fusion-flex-content-wrap\" style=\"max-width:1248px;margin-left: calc(-4% \/ 2 );margin-right: calc(-4% \/ 2 );\"><div class=\"fusion-layout-column fusion_builder_column fusion-builder-column-7 fusion_builder_column_1_1 1_1 fusion-flex-column fusion-flex-align-self-flex-start fusion-column-no-min-height fusion-animated\" style=\"--awb-padding-top:40px;--awb-padding-bottom:40px;--awb-bg-blend:overlay;--awb-bg-size:cover;--awb-width-large:100%;--awb-margin-top-large:0px;--awb-spacing-right-large:1.92%;--awb-margin-bottom-large:0px;--awb-spacing-left-large:1.92%;--awb-width-medium:100%;--awb-spacing-right-medium:1.92%;--awb-spacing-left-medium:1.92%;--awb-width-small:100%;--awb-spacing-right-small:1.92%;--awb-spacing-left-small:1.92%;\" data-animationtype=\"fadeIn\" data-animationduration=\"0.8\" data-animationoffset=\"top-into-view\"><div class=\"fusion-column-wrapper fusion-flex-justify-content-center fusion-content-layout-row\"><div ><a class=\"fusion-button button-flat fusion-button-default-size button-custom fusion-button-default button-1 fusion-button-default-span fusion-button-default-type\" style=\"--button_accent_color:var(--awb-color1);--button_accent_hover_color:var(--awb-color1);--button_border_hover_color:var(--awb-color1);--button_gradient_top_color:#bf311a;--button_gradient_bottom_color:#bf311a;--button_gradient_top_color_hover:#d7513c;--button_gradient_bottom_color_hover:#d7513c;--button_padding-right:45px;--button_padding-left:45px;\" target=\"_self\" href=\"https:\/\/hamraheroes.org\/pt\/what-we-do\/\"><span class=\"fusion-button-text\">Inscreva-se Agora<\/span><\/a><\/div><\/div><\/div><\/div><\/div><\/p>","protected":false},"excerpt":{"rendered":"","protected":false},"author":1,"featured_media":2668,"parent":0,"menu_order":0,"comment_status":"closed","ping_status":"closed","template":"100-width.php","meta":{"inline_featured_image":false,"footnotes":""},"class_list":["post-2322","page","type-page","status-publish","has-post-thumbnail","hentry"],"_links":{"self":[{"href":"https:\/\/hamraheroes.org\/pt\/wp-json\/wp\/v2\/pages\/2322","targetHints":{"allow":["GET"]}}],"collection":[{"href":"https:\/\/hamraheroes.org\/pt\/wp-json\/wp\/v2\/pages"}],"about":[{"href":"https:\/\/hamraheroes.org\/pt\/wp-json\/wp\/v2\/types\/page"}],"author":[{"embeddable":true,"href":"https:\/\/hamraheroes.org\/pt\/wp-json\/wp\/v2\/users\/1"}],"replies":[{"embeddable":true,"href":"https:\/\/hamraheroes.org\/pt\/wp-json\/wp\/v2\/comments?post=2322"}],"version-history":[{"count":26,"href":"https:\/\/hamraheroes.org\/pt\/wp-json\/wp\/v2\/pages\/2322\/revisions"}],"predecessor-version":[{"id":3203,"href":"https:\/\/hamraheroes.org\/pt\/wp-json\/wp\/v2\/pages\/2322\/revisions\/3203"}],"wp:featuredmedia":[{"embeddable":true,"href":"https:\/\/hamraheroes.org\/pt\/wp-json\/wp\/v2\/media\/2668"}],"wp:attachment":[{"href":"https:\/\/hamraheroes.org\/pt\/wp-json\/wp\/v2\/media?parent=2322"}],"curies":[{"name":"wp","href":"https:\/\/api.w.org\/{rel}","templated":true}]}}