{"id":64,"date":"2022-07-27T15:10:43","date_gmt":"2022-07-27T15:10:43","guid":{"rendered":"https:\/\/avadawebsites.wpengine.com\/corporation\/?page_id=64"},"modified":"2026-04-24T17:53:52","modified_gmt":"2026-04-24T17:53:52","slug":"about","status":"publish","type":"page","link":"https:\/\/hamraheroes.org\/ht\/about\/","title":{"rendered":"Apwopo"},"content":{"rendered":"<p><div class=\"fusion-fullwidth fullwidth-box fusion-builder-row-1 fusion-flex-container has-pattern-background has-mask-background nonhundred-percent-fullwidth non-hundred-percent-height-scrolling fusion-custom-z-index\" style=\"--link_hover_color: var(--awb-color5);--link_color: var(--awb-color8);--awb-border-color:hsla(var(--awb-color3-h),var(--awb-color3-s),calc(var(--awb-color3-l) + 10%),var(--awb-color3-a));--awb-border-radius-top-left:0px;--awb-border-radius-top-right:0px;--awb-border-radius-bottom-right:0px;--awb-border-radius-bottom-left:0px;--awb-z-index:9999;--awb-padding-top:15px;--awb-padding-bottom:15px;--awb-background-color:var(--awb-color1);--awb-flex-wrap:wrap;--awb-box-shadow:0px 2px 7px 0px hsla(var(--awb-color8-h),var(--awb-color8-s),var(--awb-color8-l),calc(var(--awb-color8-a) - 93%));\" ><div class=\"fusion-builder-row fusion-row fusion-flex-align-items-flex-start fusion-flex-content-wrap\" style=\"max-width:1248px;margin-left: calc(-4% \/ 2 );margin-right: calc(-4% \/ 2 );\"><div class=\"fusion-layout-column fusion_builder_column fusion-builder-column-0 fusion_builder_column_1_1 1_1 fusion-flex-column fusion-flex-align-self-flex-start fusion-column-no-min-height fusion-animated\" style=\"--awb-padding-top:20px;--awb-bg-blend:overlay;--awb-bg-size:cover;--awb-width-large:100%;--awb-margin-top-large:40px;--awb-spacing-right-large:1.92%;--awb-margin-bottom-large:0px;--awb-spacing-left-large:1.92%;--awb-width-medium:100%;--awb-spacing-right-medium:1.92%;--awb-spacing-left-medium:1.92%;--awb-width-small:100%;--awb-spacing-right-small:1.92%;--awb-spacing-left-small:1.92%;\" data-animationtype=\"fadeIn\" data-animationduration=\"0.8\" data-animationoffset=\"top-into-view\"><div class=\"fusion-column-wrapper fusion-flex-justify-content-center fusion-content-layout-row\"><div class=\"fusion-title title fusion-title-1 fusion-sep-none fusion-title-text fusion-title-size-two\" style=\"--awb-margin-bottom:30px;\"><h2 class=\"fusion-title-heading title-heading-left fusion-responsive-typography-calculated\" style=\"margin:0;--fontSize:42;line-height:var(--awb-typography1-line-height);\"><strong>Komite Direksyon<\/strong><\/h2><\/div><\/div><\/div><div class=\"fusion-layout-column fusion_builder_column fusion-builder-column-1 fusion_builder_column_1_1 1_1 fusion-flex-column fusion-flex-align-self-flex-start fusion-column-no-min-height fusion-animated\" style=\"--awb-padding-bottom:10px;--awb-bg-blend:overlay;--awb-bg-size:cover;--awb-width-large:100%;--awb-margin-top-large:0px;--awb-spacing-right-large:1.92%;--awb-margin-bottom-large:50px;--awb-spacing-left-large:1.92%;--awb-width-medium:100%;--awb-spacing-right-medium:1.92%;--awb-spacing-left-medium:1.92%;--awb-width-small:100%;--awb-spacing-right-small:1.92%;--awb-spacing-left-small:1.92%;\" data-animationtype=\"fadeIn\" data-animationduration=\"0.8\" data-animationoffset=\"top-into-view\"><div class=\"fusion-column-wrapper fusion-flex-justify-content-center fusion-content-layout-row\"><div class=\"fusion-text fusion-text-1\" style=\"--awb-margin-top:25px;\"><p style=\"text-align: center;\">Komite Direksyon Fon HERO a reprezante tout antite Hamra Enterprises. Manm komite a angaje yo pou asire ke fon an s\u00e8vi bezwen anplwaye yo efektivman epi ke pwosesis finansman an f\u00e8t ak entegrite ak swen.<\/p>\n<\/div><\/div><\/div><\/div><\/div><div id=\"team\" class=\"fusion-container-anchor\"><div class=\"fusion-fullwidth fullwidth-box fusion-builder-row-2 fusion-flex-container has-pattern-background has-mask-background nonhundred-percent-fullwidth non-hundred-percent-height-scrolling\" style=\"--link_hover_color: var(--awb-color2);--link_color: var(--awb-color4);--awb-background-position:left top;--awb-border-sizes-top:0px;--awb-border-sizes-bottom:0px;--awb-border-sizes-left:0px;--awb-border-sizes-right:0px;--awb-border-radius-top-left:0px;--awb-border-radius-top-right:0px;--awb-border-radius-bottom-right:0px;--awb-border-radius-bottom-left:0px;--awb-padding-top:100px;--awb-padding-bottom:80px;--awb-padding-top-medium:90px;--awb-padding-bottom-medium:90px;--awb-margin-bottom-medium:0px;--awb-background-color:#f5f2f2;--awb-flex-wrap:wrap;\" ><div class=\"fusion-builder-row fusion-row fusion-flex-align-items-flex-start fusion-flex-justify-content-center fusion-flex-content-wrap\" style=\"max-width:calc( 1200px + 40px );margin-left: calc(-40px \/ 2 );margin-right: calc(-40px \/ 2 );\"><div class=\"fusion-layout-column fusion_builder_column fusion-builder-column-2 fusion_builder_column_1_4 1_4 fusion-flex-column\" style=\"--awb-bg-size:cover;--awb-width-large:25%;--awb-margin-top-large:0px;--awb-spacing-right-large:20px;--awb-margin-bottom-large:20px;--awb-spacing-left-large:0px;--awb-width-medium:25%;--awb-order-medium:0;--awb-spacing-right-medium:20px;--awb-spacing-left-medium:0px;--awb-width-small:100%;--awb-order-small:0;--awb-spacing-right-small:20px;--awb-spacing-left-small:20px;\"><div class=\"fusion-column-wrapper fusion-column-has-shadow fusion-flex-justify-content-flex-start fusion-content-layout-column\"><div class=\"fusion-title title fusion-title-2 fusion-sep-none fusion-title-text fusion-title-size-four\" style=\"--awb-font-size:25.00px;\"><h4 class=\"fusion-title-heading title-heading-left\" style=\"margin:0;font-size:1em;\"><div style=\"text-align: center;\"><strong style=\"font-size: 1em; background-color: rgba(0, 0, 0, 0);\"><span style=\"font-size: 1em; background-color: rgba(0, 0, 0, 0);\">Wendy's Misisipi<\/span><\/strong><\/div><\/h4><\/div><div class=\"fusion-text fusion-text-2\" style=\"--awb-line-height:10px;--awb-margin-top:25px;\"><p style=\"text-align: center;\"><strong>Kwentin Keller<\/strong><\/p>\n<p style=\"text-align: center;\">Ko-Manadj\u00e8<\/p>\n<\/div><div class=\"fusion-text fusion-text-3\" style=\"--awb-line-height:10px;--awb-margin-top:25px;\"><p style=\"text-align: center; \"><strong>Melissa Overbay<\/strong><\/p>\n<p style=\"text-align: center; \">Manadj\u00e8 Jeneral<\/p>\n<\/div><\/div><\/div><div class=\"fusion-layout-column fusion_builder_column fusion-builder-column-3 fusion_builder_column_1_4 1_4 fusion-flex-column\" style=\"--awb-bg-size:cover;--awb-width-large:25%;--awb-margin-top-large:0px;--awb-spacing-right-large:0px;--awb-margin-bottom-large:20px;--awb-spacing-left-large:0px;--awb-width-medium:25%;--awb-order-medium:0;--awb-spacing-right-medium:0px;--awb-spacing-left-medium:0px;--awb-width-small:100%;--awb-order-small:0;--awb-spacing-right-small:20px;--awb-spacing-left-small:20px;\"><div class=\"fusion-column-wrapper fusion-column-has-shadow fusion-flex-justify-content-flex-start fusion-content-layout-column\"><div class=\"fusion-title title fusion-title-3 fusion-sep-none fusion-title-text fusion-title-size-four\" style=\"--awb-font-size:25.00px;\"><h4 class=\"fusion-title-heading title-heading-left\" style=\"margin:0;font-size:1em;\"><div style=\"text-align: center;\"><strong style=\"font-size: 1em; background-color: rgba(0, 0, 0, 0);\"><span style=\"font-size: 1em; background-color: rgba(0, 0, 0, 0);\">Wendy's Ilinwa<\/span><\/strong><\/div><\/h4><\/div><div class=\"fusion-text fusion-text-4\" style=\"--awb-content-alignment:center;--awb-line-height:10px;--awb-margin-top:25px;\"><p style=\"text-align: center;\" data-fusion-font=\"true\"><strong>Bryan Knotts<\/strong><\/p>\n<p style=\"text-align: center;\" data-fusion-font=\"true\">Manadj\u00e8 Jeneral<\/p>\n<p data-fusion-font=\"true\">\n<p style=\"text-align: center;\" data-fusion-font=\"true\">\n<\/div><\/div><\/div><div class=\"fusion-layout-column fusion_builder_column fusion-builder-column-4 fusion_builder_column_1_4 1_4 fusion-flex-column\" style=\"--awb-bg-size:cover;--awb-width-large:25%;--awb-margin-top-large:0px;--awb-spacing-right-large:0px;--awb-margin-bottom-large:20px;--awb-spacing-left-large:0px;--awb-width-medium:25%;--awb-order-medium:0;--awb-spacing-right-medium:0px;--awb-spacing-left-medium:0px;--awb-width-small:100%;--awb-order-small:0;--awb-spacing-right-small:20px;--awb-spacing-left-small:20px;\"><div class=\"fusion-column-wrapper fusion-column-has-shadow fusion-flex-justify-content-flex-start fusion-content-layout-column\"><div class=\"fusion-title title fusion-title-4 fusion-sep-none fusion-title-text fusion-title-size-four\" style=\"--awb-font-size:25.00px;\"><h4 class=\"fusion-title-heading title-heading-left\" style=\"margin:0;font-size:1em;\"><div style=\"text-align: center;\"><strong style=\"font-size: 1em; background-color: rgba(0, 0, 0, 0);\"><span style=\"font-size: 1em; background-color: rgba(0, 0, 0, 0);\">Wendy's Nouvo Anglet\u00e8<\/span><\/strong><\/div><\/h4><\/div><div class=\"fusion-text fusion-text-5\" style=\"--awb-line-height:10px;--awb-margin-top:25px;\"><p style=\"text-align: center;\"><strong>Ryan Knox<\/strong><\/p>\n<p style=\"text-align: center;\">Manadj\u00e8 Jeneral<\/p>\n<p style=\"text-align: center;\">\n<p style=\"text-align: center;\">\n<p style=\"text-align: center;\"><b>Summer Bernazzani<\/b><\/p>\n<p style=\"text-align: center;\">Asistan Manadj\u00e8<\/p>\n<\/div><\/div><\/div><div class=\"fusion-layout-column fusion_builder_column fusion-builder-column-5 fusion_builder_column_1_4 1_4 fusion-flex-column\" style=\"--awb-bg-size:cover;--awb-width-large:25%;--awb-margin-top-large:0px;--awb-spacing-right-large:0px;--awb-margin-bottom-large:20px;--awb-spacing-left-large:0px;--awb-width-medium:25%;--awb-order-medium:0;--awb-spacing-right-medium:0px;--awb-spacing-left-medium:0px;--awb-width-small:100%;--awb-order-small:0;--awb-spacing-right-small:20px;--awb-spacing-left-small:20px;\"><div class=\"fusion-column-wrapper fusion-column-has-shadow fusion-flex-justify-content-flex-start fusion-content-layout-column\"><div class=\"fusion-title title fusion-title-5 fusion-sep-none fusion-title-text fusion-title-size-four\" style=\"--awb-font-size:25.00px;\"><h4 class=\"fusion-title-heading title-heading-left\" style=\"margin:0;font-size:1em;\"><div style=\"text-align: center;\"><strong style=\"font-size: 1em; background-color: rgba(0, 0, 0, 0);\"><span style=\"font-size: 1em; background-color: rgba(0, 0, 0, 0);\">Jesyon Hamra<\/span><\/strong><\/div><\/h4><\/div><div class=\"fusion-text fusion-text-6\" style=\"--awb-line-height:10px;--awb-margin-top:25px;\"><p style=\"text-align: center;\"><span style=\"background-color: rgba(0, 0, 0, 0);\"><b>J\u00e8n Smith<\/b><\/span><\/p>\n<p style=\"text-align: center;\">N\u00f2m Mak Hamra<\/p>\n<p style=\"text-align: center;\">\n<p style=\"text-align: center;\"><b><br \/><\/b><\/p>\n<p style=\"text-align: center;\"><b>Michael McCusker<\/b><\/p>\n<p style=\"text-align: center;\">Pwofesyon\u00e8l Resous Im\u00e8n<\/p>\n<\/div><\/div><\/div><div class=\"fusion-layout-column fusion_builder_column fusion-builder-column-6 fusion_builder_column_1_4 1_4 fusion-flex-column\" style=\"--awb-padding-right:11px;--awb-bg-size:cover;--awb-width-large:25%;--awb-margin-top-large:0px;--awb-spacing-right-large:0px;--awb-margin-bottom-large:20px;--awb-spacing-left-large:0px;--awb-width-medium:25%;--awb-order-medium:0;--awb-spacing-right-medium:0px;--awb-spacing-left-medium:0px;--awb-width-small:100%;--awb-order-small:0;--awb-spacing-right-small:20px;--awb-spacing-left-small:20px;\"><div class=\"fusion-column-wrapper fusion-column-has-shadow fusion-flex-justify-content-flex-start fusion-content-layout-column\"><div class=\"fusion-title title fusion-title-6 fusion-sep-none fusion-title-text fusion-title-size-four\" style=\"--awb-font-size:25.00px;\"><h4 class=\"fusion-title-heading title-heading-left\" style=\"margin:0;font-size:1em;\"><div style=\"text-align: center;\"><strong>Pen Boston<\/strong><\/div><\/h4><\/div><div class=\"fusion-text fusion-text-7\" style=\"--awb-line-height:10px;--awb-margin-top:25px;\"><p style=\"text-align: center;\"><strong>James Morin<\/strong><\/p>\n<p style=\"text-align: center;\">Manadj\u00e8 F\u00f2masyon Rejyonal<\/p>\n<p style=\"text-align: center;\">\n<p style=\"text-align: center;\">\n<\/div><\/div><\/div><div class=\"fusion-layout-column fusion_builder_column fusion-builder-column-7 fusion_builder_column_1_4 1_4 fusion-flex-column\" style=\"--awb-bg-size:cover;--awb-width-large:25%;--awb-margin-top-large:0px;--awb-spacing-right-large:0px;--awb-margin-bottom-large:20px;--awb-spacing-left-large:0px;--awb-width-medium:25%;--awb-order-medium:0;--awb-spacing-right-medium:0px;--awb-spacing-left-medium:0px;--awb-width-small:100%;--awb-order-small:0;--awb-spacing-right-small:20px;--awb-spacing-left-small:20px;\"><div class=\"fusion-column-wrapper fusion-column-has-shadow fusion-flex-justify-content-flex-start fusion-content-layout-column\"><div class=\"fusion-title title fusion-title-7 fusion-sep-none fusion-title-text fusion-title-size-four\" style=\"--awb-font-size:25.00px;\"><h4 class=\"fusion-title-heading title-heading-left\" style=\"margin:0;font-size:1em;\"><div style=\"text-align: center;\"><strong>Pen Chikago<\/strong><\/div><\/h4><\/div><div class=\"fusion-text fusion-text-8\" style=\"--awb-line-height:10px;--awb-margin-top:25px;\"><p style=\"text-align: center;\">\n<p style=\"text-align: center;\"><strong>Melissa West<\/strong><\/p>\n<p style=\"text-align: center;\">Manadj\u00e8 Jeneral<\/p>\n<\/div><\/div><\/div><div class=\"fusion-layout-column fusion_builder_column fusion-builder-column-8 fusion_builder_column_1_4 1_4 fusion-flex-column\" style=\"--awb-bg-size:cover;--awb-width-large:25%;--awb-margin-top-large:0px;--awb-spacing-right-large:0px;--awb-margin-bottom-large:20px;--awb-spacing-left-large:0px;--awb-width-medium:25%;--awb-order-medium:0;--awb-spacing-right-medium:0px;--awb-spacing-left-medium:0px;--awb-width-small:100%;--awb-order-small:0;--awb-spacing-right-small:20px;--awb-spacing-left-small:20px;\"><div class=\"fusion-column-wrapper fusion-column-has-shadow fusion-flex-justify-content-flex-start fusion-content-layout-column\"><div class=\"fusion-title title fusion-title-8 fusion-sep-none fusion-title-text fusion-title-size-four\" style=\"--awb-font-size:25.00px;\"><h4 class=\"fusion-title-heading title-heading-left\" style=\"margin:0;font-size:1em;\"><div style=\"text-align: center;\"><strong>Pen Sid<\/strong><\/div><\/h4><\/div><div class=\"fusion-text fusion-text-9\" style=\"--awb-line-height:10px;--awb-margin-top:25px;\"><p style=\"text-align: center;\"><strong>Krysti Victoratos<\/strong><\/p>\n<p style=\"text-align: center;\">Manadj\u00e8 Distri<\/p>\n<p style=\"text-align: center;\">\n<p style=\"text-align: center;\"><strong><br \/><\/strong><\/p>\n<p style=\"text-align: center;\"><strong>Josh Mitchell<\/strong><\/p>\n<p style=\"text-align: center;\">Manadj\u00e8 Distri<\/p>\n<p style=\"text-align: center;\">\n<p style=\"text-align: center;\">\n<p style=\"text-align: center;\"><b><br \/><\/b><\/p>\n<p style=\"text-align: center;\"><b>Natalie K\u00e8rtis<\/b><\/p>\n<p style=\"text-align: center;\">Manadj\u00e8 Jeneral<\/p>\n<\/div><\/div><\/div><div class=\"fusion-layout-column fusion_builder_column fusion-builder-column-9 fusion_builder_column_1_4 1_4 fusion-flex-column\" style=\"--awb-bg-size:cover;--awb-width-large:25%;--awb-margin-top-large:0px;--awb-spacing-right-large:0px;--awb-margin-bottom-large:20px;--awb-spacing-left-large:0px;--awb-width-medium:25%;--awb-order-medium:0;--awb-spacing-right-medium:0px;--awb-spacing-left-medium:0px;--awb-width-small:100%;--awb-order-small:0;--awb-spacing-right-small:20px;--awb-spacing-left-small:20px;\"><div class=\"fusion-column-wrapper fusion-column-has-shadow fusion-flex-justify-content-flex-start fusion-content-layout-column\"><div class=\"fusion-title title fusion-title-9 fusion-sep-none fusion-title-text fusion-title-size-four\" style=\"--awb-font-size:25.00px;\"><h4 class=\"fusion-title-heading title-heading-left\" style=\"margin:0;font-size:1em;\"><div style=\"text-align: center;\"><strong>Nouy<\/strong><\/div><\/h4><\/div><div class=\"fusion-text fusion-text-10\" style=\"--awb-line-height:10px;--awb-margin-top:25px;\"><p style=\"text-align: center;\"><strong>Robin Spencer<\/strong><\/p>\n<p style=\"text-align: center;\">Vant pou ev\u00e8nman<\/p>\n<p style=\"text-align: center;\">\n<\/div><\/div><\/div><\/div><\/div><\/div><div class=\"fusion-fullwidth fullwidth-box fusion-builder-row-3 fusion-flex-container has-pattern-background has-mask-background nonhundred-percent-fullwidth non-hundred-percent-height-scrolling\" style=\"--awb-background-position:left top;--awb-border-sizes-top:0px;--awb-border-sizes-bottom:0px;--awb-border-sizes-left:0px;--awb-border-sizes-right:0px;--awb-border-radius-top-left:0px;--awb-border-radius-top-right:0px;--awb-border-radius-bottom-right:0px;--awb-border-radius-bottom-left:0px;--awb-padding-top:130px;--awb-padding-bottom:130px;--awb-padding-top-medium:90px;--awb-padding-bottom-medium:90px;--awb-margin-bottom-medium:0px;--awb-background-color:hsla(var(--awb-color5-h),var(--awb-color5-s),calc(var(--awb-color5-l) + 37%),var(--awb-color5-a));--awb-flex-wrap:wrap;\" id=\"testimonials\" ><div class=\"fusion-builder-row fusion-row fusion-flex-align-items-stretch fusion-flex-justify-content-center fusion-flex-content-wrap\" style=\"max-width:calc( 1200px + 60px );margin-left: calc(-60px \/ 2 );margin-right: calc(-60px \/ 2 );\"><div class=\"fusion-layout-column fusion_builder_column fusion-builder-column-10 fusion_builder_column_1_1 1_1 fusion-flex-column fusion-flex-align-self-flex-start fusion-column-no-min-height\" style=\"--awb-padding-left:7.4648px;--awb-padding-right-medium:0px;--awb-padding-left-medium:0px;--awb-bg-blend:overlay;--awb-bg-size:cover;--awb-width-large:100%;--awb-margin-top-large:0px;--awb-spacing-right-large:0px;--awb-margin-bottom-large:80px;--awb-spacing-left-large:0px;--awb-width-medium:100%;--awb-spacing-right-medium:0px;--awb-margin-bottom-medium:49px;--awb-spacing-left-medium:0px;--awb-width-small:100%;--awb-spacing-right-small:30px;--awb-margin-bottom-small:30px;--awb-spacing-left-small:30px;\"><div class=\"fusion-column-wrapper fusion-flex-justify-content-flex-start fusion-content-layout-column\"><div class=\"fusion-title title fusion-title-10 fusion-sep-none fusion-title-text fusion-title-size-two\" style=\"--awb-margin-bottom:30px;\"><h2 class=\"fusion-title-heading title-heading-left fusion-responsive-typography-calculated\" style=\"margin:0;--fontSize:42;line-height:var(--awb-typography1-line-height);\"><div style=\"text-align: center;\"><strong style=\"font-size: 1em; background-color: rgba(0, 0, 0, 0);\">Kons\u00e8y Administrasyon<\/strong><\/div><\/h2><\/div><div class=\"fusion-text fusion-text-11\"><p style=\"text-align: center;\">Manm Kons\u00e8y Administrasyon nou an reprezante tout mak Hamra Enterprises. Manm kons\u00e8y la asire entegrite ak misyon fon an kontinye egziste pou sip\u00f2te tout anplwaye Hamra pandan y ap planifye pwogram nan lavni pou satisf\u00e8 bezwen f\u00f2s travay nou k ap grandi a.<\/p>\n<\/div><div class=\"fusion-text fusion-text-12 awb-text-cols fusion-text-columns-2\" style=\"--awb-columns:2;--awb-column-spacing:2em;--awb-column-min-width:150px;\"><p style=\"text-align: left;\"><strong>Rachel Echagarra, <\/strong>G<span style=\"background-color: rgba(0, 0, 0, 0);\">Manadj\u00e8 Jeneral, Chicago Bread<\/span><\/p>\n<p style=\"text-align: left;\"><strong>Daniel Thomas,<\/strong> <span style=\"background-color: rgba(0, 0, 0, 0);\">Direkt\u00e8 F\u00f2masyon, Southern Bread<\/span><\/p>\n<p style=\"text-align: left;\"><strong style=\"background-color: rgba(0, 0, 0, 0);\">Rebekah Dos Santos,<\/strong><span style=\"background-color: rgba(0, 0, 0, 0);\"> Manadj\u00e8 F\u00f2masyon Rejyonal, Wendy's nan Nouv\u00e8l Anglet\u00e8<\/span><\/p>\n<p style=\"text-align: left;\"><b style=\"background-color: rgba(0, 0, 0, 0);\">Ayli Fisher,<\/b><span style=\"background-color: rgba(0, 0, 0, 0);\"> Manadj\u00e8 Distri, Southern Bread<\/span><\/p>\n<p><strong>Rejina Geer<\/strong>, Direkt\u00e8 Rejyonal Operasyon, Wendy's Missouri<\/p>\n<p><strong>Jillian Horgan,<\/strong> Manadj\u00e8 Jeneral, Boston Bread<\/p>\n<p style=\"text-align: left;\"><span style=\"background-color: rgba(0, 0, 0, 0);\"><b>Darin Malone,<\/b> Manadj\u00e8 Distri, Chicago Bread<\/span><\/p>\n<p style=\"text-align: left;\"><strong>Heidi Schroeder, <\/strong> Direkt\u00e8 S\u00e8vis Traiteur Mak, Chicago Bread<\/p>\n<p style=\"text-align: left;\"><b style=\"background-color: rgba(0, 0, 0, 0);\">Rachel Selhorn, <\/b><span style=\"background-color: rgba(0, 0, 0, 0);\">Direkt\u00e8 Donasyon, Hamra Management<\/span><\/p>\n<p style=\"text-align: left;\"><b style=\"background-color: rgba(0, 0, 0, 0);\">Maggie Allen,<\/b><span style=\"background-color: rgba(0, 0, 0, 0);\"> Kontab Senior, Hamra Management<\/span><\/p>\n<\/div><\/div><\/div><div class=\"fusion-layout-column fusion_builder_column fusion-builder-column-11 fusion_builder_column_1_1 1_1 fusion-flex-column fusion-flex-align-self-flex-start fusion-column-no-min-height\" style=\"--awb-padding-right-medium:0px;--awb-padding-left-medium:0px;--awb-bg-blend:overlay;--awb-bg-size:cover;--awb-width-large:100%;--awb-margin-top-large:0px;--awb-spacing-right-large:30px;--awb-margin-bottom-large:80px;--awb-spacing-left-large:30px;--awb-width-medium:100%;--awb-spacing-right-medium:30px;--awb-margin-bottom-medium:49px;--awb-spacing-left-medium:30px;--awb-width-small:100%;--awb-spacing-right-small:30px;--awb-margin-bottom-small:30px;--awb-spacing-left-small:30px;\"><div class=\"fusion-column-wrapper fusion-flex-justify-content-flex-start fusion-content-layout-column\"><div class=\"fusion-title title fusion-title-11 fusion-sep-none fusion-title-text fusion-title-size-two\" style=\"--awb-margin-bottom:30px;\"><h2 class=\"fusion-title-heading title-heading-left fusion-responsive-typography-calculated\" style=\"margin:0;--fontSize:42;line-height:var(--awb-typography1-line-height);\"><div style=\"text-align: center;\"><strong style=\"color: var(--awb-text-color); font-family: var(--h2_typography-font-family); font-size: 1em; font-style: var(--h2_typography-font-style,normal); letter-spacing: var(--h2_typography-letter-spacing); text-transform: var(--h2_typography-text-transform); background-color: var(--awb-bg-color);\">                                                 Administrat\u00e8<\/strong><\/div><\/h2><\/div><div class=\"fusion-text fusion-text-13\"><p style=\"text-align: center;\">Administrat\u00e8 The HERO Fund yo s\u00e8vi k\u00f2m pwen kontak pou chak aplikan nan chak etap nan pwosesis aplikasyon an pou asire ke chak aplikasyon soum\u00e8t epi konsidere pou finansman ak entegrite ak swen.<\/p>\n<p style=\"text-align: center; \"><b data-fusion-font=\"true\" style=\"line-height: 30px;\">Ekip Sibvansyon Ijans<\/b><\/p>\n<p style=\"text-align: center; \"><b>Maddie Collop<\/b>, Manadj\u00e8 Jeneral, Noodles and Company<\/p>\n<p style=\"text-align: center; \"><b>Drea Herrera<\/b>, Manadj\u00e8 Jeneral, Southern Bread<\/p>\n<p style=\"text-align: center; \"><b>Joy Funkhouser<\/b>, Manadj\u00e8 Jeneral, Chicago Bread<\/p>\n<p style=\"text-align: center; \"><b>Asael Martinez<\/b>, Sip\u00e8viz\u00e8 Teknisyen T\u00e8ren Teknoloji Enf\u00f2masyon, Mache New England<\/p>\n<p style=\"text-align: center; \"><b>Britiny Skarborough<\/b>, Reprezantan Kom\u00e8syal pou S\u00e8vis Traiteur, Southern Bread<\/p>\n<p style=\"text-align: center; \"><b data-fusion-font=\"true\" style=\"line-height: 30px;\">Ekip Ranbousman Fr\u00e8 Eskol\u00e8<\/b><\/p>\n<p style=\"text-align: center; \"><b>Jennifer Hollowell<\/b>, Reprezantan Lavant Entery\u00e8, Chicago Bread<\/p>\n<p style=\"text-align: center; \"><b>Rachel Harold<\/b>, Manadj\u00e8 Jeneral, Southern Bread<\/p>\n<\/div><\/div><\/div><div class=\"fusion-layout-column fusion_builder_column fusion-builder-column-12 fusion_builder_column_1_1 1_1 fusion-flex-column fusion-flex-align-self-center fusion-column-no-min-height\" style=\"--awb-padding-right:10vw;--awb-padding-left:10vw;--awb-padding-right-medium:0px;--awb-padding-left-medium:0px;--awb-bg-blend:overlay;--awb-bg-size:cover;--awb-width-large:100%;--awb-margin-top-large:0px;--awb-spacing-right-large:30px;--awb-margin-bottom-large:80px;--awb-spacing-left-large:30px;--awb-width-medium:100%;--awb-spacing-right-medium:30px;--awb-margin-bottom-medium:49px;--awb-spacing-left-medium:30px;--awb-width-small:100%;--awb-spacing-right-small:30px;--awb-margin-bottom-small:30px;--awb-spacing-left-small:30px;\"><div class=\"fusion-column-wrapper fusion-flex-justify-content-center fusion-content-layout-column\"><div class=\"fusion-title title fusion-title-12 fusion-sep-none fusion-title-text fusion-title-size-two\" style=\"--awb-margin-bottom:30px;\"><h2 class=\"fusion-title-heading title-heading-left fusion-responsive-typography-calculated\" style=\"margin:0;--fontSize:42;line-height:var(--awb-typography1-line-height);\"><div style=\"text-align: center;\"><strong style=\"font-size: 1em; background-color: rgba(0, 0, 0, 0);\">Manm Ekip Sip\u00f2<\/strong><\/div><\/h2><\/div><div class=\"fusion-text fusion-text-14\"><p style=\"text-align: center;\">Fon HERO a posib grasa sip\u00f2 anplwaye Hamra sa yo:<\/p>\n<\/div><div class=\"fusion-text fusion-text-15\"><p style=\"text-align: center;\"><b>Maryjo Kiser, <\/b>Vis Prezidan Benefis ak Konpansasyon<\/p>\n<p style=\"text-align: center;\"><b>Angela Espinoza<\/b>, Vis Prezidan Kontablite ak Finans<\/p>\n<p style=\"text-align: center;\"><strong>Lori Johnson.<\/strong> Trezorye<\/p>\n<p style=\"text-align: center;\"><b>Sheryl Jones, <\/b>Asistan Administratif<\/p>\n<p style=\"text-align: center;\"><b>Kris Mongerso<\/b>n, Espesyalis Senior Teknoloji Enf\u00f2masyon<\/p>\n<\/div><\/div><\/div><\/div><\/div><\/p>","protected":false},"excerpt":{"rendered":"","protected":false},"author":1,"featured_media":2649,"parent":0,"menu_order":0,"comment_status":"closed","ping_status":"closed","template":"100-width.php","meta":{"inline_featured_image":false,"footnotes":""},"class_list":["post-64","page","type-page","status-publish","has-post-thumbnail","hentry"],"_links":{"self":[{"href":"https:\/\/hamraheroes.org\/ht\/wp-json\/wp\/v2\/pages\/64","targetHints":{"allow":["GET"]}}],"collection":[{"href":"https:\/\/hamraheroes.org\/ht\/wp-json\/wp\/v2\/pages"}],"about":[{"href":"https:\/\/hamraheroes.org\/ht\/wp-json\/wp\/v2\/types\/page"}],"author":[{"embeddable":true,"href":"https:\/\/hamraheroes.org\/ht\/wp-json\/wp\/v2\/users\/1"}],"replies":[{"embeddable":true,"href":"https:\/\/hamraheroes.org\/ht\/wp-json\/wp\/v2\/comments?post=64"}],"version-history":[{"count":56,"href":"https:\/\/hamraheroes.org\/ht\/wp-json\/wp\/v2\/pages\/64\/revisions"}],"predecessor-version":[{"id":3231,"href":"https:\/\/hamraheroes.org\/ht\/wp-json\/wp\/v2\/pages\/64\/revisions\/3231"}],"wp:featuredmedia":[{"embeddable":true,"href":"https:\/\/hamraheroes.org\/ht\/wp-json\/wp\/v2\/media\/2649"}],"wp:attachment":[{"href":"https:\/\/hamraheroes.org\/ht\/wp-json\/wp\/v2\/media?parent=64"}],"curies":[{"name":"wp","href":"https:\/\/api.w.org\/{rel}","templated":true}]}}