{"id":2459,"date":"2023-11-08T13:51:10","date_gmt":"2023-11-08T13:51:10","guid":{"rendered":"https:\/\/hamraheroes.org\/?page_id=2459"},"modified":"2024-01-23T15:54:15","modified_gmt":"2024-01-23T15:54:15","slug":"grants","status":"publish","type":"page","link":"https:\/\/hamraheroes.org\/ht\/grants\/","title":{"rendered":"Sibvansyon Konplemant\u00e8"},"content":{"rendered":"<p><div class=\"fusion-fullwidth fullwidth-box fusion-builder-row-1 fusion-flex-container has-pattern-background has-mask-background nonhundred-percent-fullwidth non-hundred-percent-height-scrolling fusion-custom-z-index\" style=\"--link_hover_color: var(--awb-color5);--link_color: var(--awb-color8);--awb-border-color:hsla(var(--awb-color3-h),var(--awb-color3-s),calc(var(--awb-color3-l) + 10%),var(--awb-color3-a));--awb-border-radius-top-left:0px;--awb-border-radius-top-right:0px;--awb-border-radius-bottom-right:0px;--awb-border-radius-bottom-left:0px;--awb-z-index:9999;--awb-padding-top:15px;--awb-padding-bottom:65px;--awb-background-color:var(--awb-color1);--awb-flex-wrap:wrap;--awb-box-shadow:0px 2px 7px 0px hsla(var(--awb-color8-h),var(--awb-color8-s),var(--awb-color8-l),calc(var(--awb-color8-a) - 93%));\" ><div class=\"fusion-builder-row fusion-row fusion-flex-align-items-flex-start fusion-flex-content-wrap\" style=\"max-width:1248px;margin-left: calc(-4% \/ 2 );margin-right: calc(-4% \/ 2 );\"><div class=\"fusion-layout-column fusion_builder_column fusion-builder-column-0 fusion_builder_column_1_1 1_1 fusion-flex-column fusion-flex-align-self-flex-start fusion-column-no-min-height fusion-animated\" style=\"--awb-padding-bottom:10px;--awb-bg-blend:overlay;--awb-bg-size:cover;--awb-width-large:100%;--awb-margin-top-large:60px;--awb-spacing-right-large:1.92%;--awb-margin-bottom-large:0px;--awb-spacing-left-large:1.92%;--awb-width-medium:100%;--awb-spacing-right-medium:1.92%;--awb-spacing-left-medium:1.92%;--awb-width-small:100%;--awb-spacing-right-small:1.92%;--awb-spacing-left-small:1.92%;\" data-animationtype=\"fadeIn\" data-animationduration=\"0.8\" data-animationoffset=\"top-into-view\"><div class=\"fusion-column-wrapper fusion-flex-justify-content-center fusion-content-layout-row\"><div class=\"fusion-text fusion-text-1\"><p>Sa a se vr\u00e8 lespri a\u00a0<strong>H<\/strong>amra\u00a0<strong>E<\/strong>anplwaye yo\u00a0<strong>R<\/strong>Rive\u00a0<strong>O<\/strong>Si yon anplwaye pa satisf\u00e8 krit\u00e8 pou asistans nan The HERO Fund, yo ka \u00f2ganize yon kanpay ranmase lajan apwouve pou li, ki ka kalifye pou yon sibvansyon matche. Kanpay ranmase lajan yo dwe apwouve atrav\u00e8 chan\u00e8l apwopriye nan chak mache epi yo pa asosye ak The HERO Fund nan okenn fason. Li pi pito pou anplwaye yo aplike an premye pou yon sibvansyon HERO epi resevwa yon refi. N\u00d2T: Yon aplikan pa ka resevwa yon sibvansyon HERO ak fon matche pou menm ev\u00e8nman an.<\/p>\n<\/div><\/div><\/div><\/div><\/div><div id=\"who\" class=\"fusion-container-anchor\"><div class=\"fusion-fullwidth fullwidth-box fusion-builder-row-2 fusion-flex-container has-pattern-background has-mask-background nonhundred-percent-fullwidth non-hundred-percent-height-scrolling\" style=\"--link_hover_color: var(--awb-color5);--link_color: var(--awb-color5);--awb-background-position:right top;--awb-background-blend-mode:overlay;--awb-border-color:var(--awb-color1);--awb-border-radius-top-left:0px;--awb-border-radius-top-right:0px;--awb-border-radius-bottom-right:0px;--awb-border-radius-bottom-left:0px;--awb-padding-top:100px;--awb-padding-bottom:100px;--awb-padding-top-medium:90px;--awb-padding-bottom-medium:90px;--awb-padding-top-small:80px;--awb-padding-bottom-small:80px;--awb-margin-bottom-medium:0px;--awb-background-color:var(--awb-color1);--awb-flex-wrap:wrap;\" ><div class=\"fusion-builder-row fusion-row fusion-flex-align-items-center fusion-flex-content-wrap\" style=\"max-width:1248px;margin-left: calc(-4% \/ 2 );margin-right: calc(-4% \/ 2 );\"><div class=\"fusion-layout-column fusion_builder_column fusion-builder-column-1 fusion_builder_column_1_2 1_2 fusion-flex-column\" style=\"--awb-bg-size:cover;--awb-width-large:50%;--awb-margin-top-large:0px;--awb-spacing-right-large:72px;--awb-margin-bottom-large:0px;--awb-spacing-left-large:3.84%;--awb-width-medium:50%;--awb-order-medium:0;--awb-spacing-right-medium:70px;--awb-spacing-left-medium:3.84%;--awb-width-small:100%;--awb-order-small:0;--awb-spacing-right-small:1.92%;--awb-spacing-left-small:1.92%;\"><div class=\"fusion-column-wrapper fusion-column-has-shadow fusion-flex-justify-content-flex-start fusion-content-layout-column\"><div class=\"fusion-text fusion-text-2\" style=\"--awb-text-color:#000000;\"><p><a style=\"color: #bf311a;\" href=\"https:\/\/hamraheroes.org\/ht\/what-we-do\/\">Retounen nan sibvansyon yo<\/a><\/p>\n<\/div>\n<div class=\"fusion-image-element\" style=\"--awb-caption-title-font-family:var(--h2_typography-font-family);--awb-caption-title-font-weight:var(--h2_typography-font-weight);--awb-caption-title-font-style:var(--h2_typography-font-style);--awb-caption-title-size:var(--h2_typography-font-size);--awb-caption-title-transform:var(--h2_typography-text-transform);--awb-caption-title-line-height:var(--h2_typography-line-height);--awb-caption-title-letter-spacing:var(--h2_typography-letter-spacing);\"><span class=\"fusion-imageframe imageframe-none imageframe-1 hover-type-none\"><img decoding=\"async\" width=\"800\" height=\"533\" title=\"Sibvansyon matan\" src=\"https:\/\/hamraheroes.org\/wp-content\/uploads\/2024\/01\/matching-grant.webp\" data-orig-src=\"https:\/\/hamraheroes.org\/wp-content\/uploads\/2024\/01\/matching-grant.webp\" alt class=\"lazyload img-responsive wp-image-2924\" srcset=\"data:image\/svg+xml,%3Csvg%20xmlns%3D%27http%3A%2F%2Fwww.w3.org%2F2000%2Fsvg%27%20width%3D%27800%27%20height%3D%27533%27%20viewBox%3D%270%200%20800%20533%27%3E%3Crect%20width%3D%27800%27%20height%3D%27533%27%20fill-opacity%3D%220%22%2F%3E%3C%2Fsvg%3E\" data-srcset=\"https:\/\/hamraheroes.org\/wp-content\/uploads\/2024\/01\/matching-grant-200x133.webp 200w, https:\/\/hamraheroes.org\/wp-content\/uploads\/2024\/01\/matching-grant-300x200.webp 300w, https:\/\/hamraheroes.org\/wp-content\/uploads\/2024\/01\/matching-grant-400x267.webp 400w, https:\/\/hamraheroes.org\/wp-content\/uploads\/2024\/01\/matching-grant-600x400.webp 600w, https:\/\/hamraheroes.org\/wp-content\/uploads\/2024\/01\/matching-grant-768x512.webp 768w, https:\/\/hamraheroes.org\/wp-content\/uploads\/2024\/01\/matching-grant.webp 800w\" data-sizes=\"auto\" data-orig-sizes=\"(max-width: 700px) 100vw, 600px\" \/><\/span><\/div><\/div><\/div><div class=\"fusion-layout-column fusion_builder_column fusion-builder-column-2 fusion_builder_column_1_2 1_2 fusion-flex-column fusion-animated\" style=\"--awb-padding-bottom-medium:0px;--awb-bg-size:cover;--awb-width-large:50%;--awb-margin-top-large:0px;--awb-spacing-right-large:3.84%;--awb-margin-bottom-large:0px;--awb-spacing-left-large:0px;--awb-width-medium:50%;--awb-order-medium:0;--awb-spacing-right-medium:3.84%;--awb-spacing-left-medium:20px;--awb-width-small:100%;--awb-order-small:0;--awb-spacing-right-small:1.92%;--awb-spacing-left-small:20px;\" data-animationtype=\"fadeInRight\" data-animationduration=\"1.3\" data-animationoffset=\"top-into-view\"><div class=\"fusion-column-wrapper fusion-column-has-shadow fusion-flex-justify-content-flex-start fusion-content-layout-column\"><div class=\"fusion-text fusion-text-3 fusion-text-no-margin\" style=\"--awb-margin-bottom:10px;\"><h4 class=\"wp-block-heading\">Kalifikasyon:<\/h4>\n<ul>\n<li><strong>18 an oswa plis: <\/strong>Non<\/li>\n<li><strong>Tenur obligatwa:<\/strong> Pa genyen<\/li>\n<\/ul>\n<\/div><\/div><\/div><\/div><\/div><\/div><div id=\"team\" class=\"fusion-container-anchor\"><div class=\"fusion-fullwidth fullwidth-box fusion-builder-row-3 fusion-flex-container has-pattern-background has-mask-background nonhundred-percent-fullwidth non-hundred-percent-height-scrolling\" style=\"--link_hover_color: var(--awb-color2);--link_color: var(--awb-color4);--awb-background-position:left top;--awb-border-sizes-top:0px;--awb-border-sizes-bottom:0px;--awb-border-sizes-left:0px;--awb-border-sizes-right:0px;--awb-border-radius-top-left:0px;--awb-border-radius-top-right:0px;--awb-border-radius-bottom-right:0px;--awb-border-radius-bottom-left:0px;--awb-padding-top:130px;--awb-padding-bottom:130px;--awb-padding-top-medium:90px;--awb-padding-bottom-medium:90px;--awb-margin-bottom-medium:0px;--awb-background-color:#f5f2f2;--awb-flex-wrap:wrap;\" ><div class=\"fusion-builder-row fusion-row fusion-flex-align-items-flex-start fusion-flex-justify-content-center fusion-flex-content-wrap\" style=\"max-width:calc( 1200px + 120px );margin-left: calc(-120px \/ 2 );margin-right: calc(-120px \/ 2 );\"><div class=\"fusion-layout-column fusion_builder_column fusion-builder-column-3 fusion_builder_column_1_1 1_1 fusion-flex-column\" style=\"--awb-bg-size:cover;--awb-width-large:100%;--awb-margin-top-large:0px;--awb-spacing-right-large:72px;--awb-margin-bottom-large:0px;--awb-spacing-left-large:60px;--awb-width-medium:50%;--awb-order-medium:0;--awb-spacing-right-medium:70px;--awb-spacing-left-medium:60px;--awb-width-small:100%;--awb-order-small:0;--awb-spacing-right-small:60px;--awb-spacing-left-small:60px;\"><div class=\"fusion-column-wrapper fusion-column-has-shadow fusion-flex-justify-content-flex-start fusion-content-layout-column\"><div class=\"fusion-title title fusion-title-1 fusion-sep-none fusion-title-text fusion-title-size-four\" style=\"--awb-margin-bottom:30px;\"><h4 class=\"fusion-title-heading title-heading-left fusion-responsive-typography-calculated\" style=\"margin:0;text-transform:uppercase;--fontSize:28.43;line-height:1.4;\"><strong>Montan Prim lan:<\/strong><\/h4><\/div><div class=\"fusion-separator\" style=\"align-self: flex-start;margin-right:auto;width:100%;max-width:550px;\"><div class=\"fusion-separator-border sep-single sep-solid\" style=\"--awb-height:20px;--awb-amount:20px;border-color:var(--awb-color3);border-top-width:1px;\"><\/div><\/div><\/div><\/div><div class=\"fusion-layout-column fusion_builder_column fusion-builder-column-4 fusion_builder_column_1_1 1_1 fusion-flex-column\" style=\"--awb-padding-top:35px;--awb-bg-size:cover;--awb-width-large:100%;--awb-margin-top-large:0px;--awb-spacing-right-large:0px;--awb-margin-bottom-large:0px;--awb-spacing-left-large:60px;--awb-width-medium:50%;--awb-order-medium:0;--awb-spacing-right-medium:70px;--awb-spacing-left-medium:60px;--awb-width-small:100%;--awb-order-small:0;--awb-spacing-right-small:60px;--awb-spacing-left-small:60px;\"><div class=\"fusion-column-wrapper fusion-column-has-shadow fusion-flex-justify-content-flex-start fusion-content-layout-column\"><div class=\"fusion-text fusion-text-4\"><p>Match lajan ekip la ranmase, jiska $1,000 pou chak ev\u00e8nman. S\u00e8lman yon sibvansyon p\u00e8m\u00e8t pou chak ev\u00e8nman ki kalifye, k\u00e8lkeswa kantite aktivite ranmase lajan ki f\u00e8t.<\/p>\n<\/div><\/div><\/div><div class=\"fusion-layout-column fusion_builder_column fusion-builder-column-5 fusion_builder_column_1_1 1_1 fusion-flex-column\" style=\"--awb-bg-size:cover;--awb-width-large:100%;--awb-margin-top-large:0px;--awb-spacing-right-large:72px;--awb-margin-bottom-large:0px;--awb-spacing-left-large:60px;--awb-width-medium:50%;--awb-order-medium:0;--awb-spacing-right-medium:70px;--awb-spacing-left-medium:60px;--awb-width-small:100%;--awb-order-small:0;--awb-spacing-right-small:60px;--awb-spacing-left-small:60px;\"><div class=\"fusion-column-wrapper fusion-column-has-shadow fusion-flex-justify-content-flex-start fusion-content-layout-column\"><div class=\"fusion-title title fusion-title-2 fusion-sep-none fusion-title-text fusion-title-size-four\" style=\"--awb-margin-bottom:30px;\"><h4 class=\"fusion-title-heading title-heading-left fusion-responsive-typography-calculated\" style=\"margin:0;text-transform:uppercase;--fontSize:28.43;line-height:1.4;\"><strong>Deskripsyon<\/strong><\/h4><\/div><div class=\"fusion-separator\" style=\"align-self: flex-start;margin-right:auto;width:100%;max-width:550px;\"><div class=\"fusion-separator-border sep-single sep-solid\" style=\"--awb-height:20px;--awb-amount:20px;border-color:var(--awb-color3);border-top-width:1px;\"><\/div><\/div><\/div><\/div><div class=\"fusion-layout-column fusion_builder_column fusion-builder-column-6 fusion_builder_column_1_1 1_1 fusion-flex-column\" style=\"--awb-padding-top:35px;--awb-bg-size:cover;--awb-width-large:100%;--awb-margin-top-large:0px;--awb-spacing-right-large:0px;--awb-margin-bottom-large:0px;--awb-spacing-left-large:60px;--awb-width-medium:50%;--awb-order-medium:0;--awb-spacing-right-medium:70px;--awb-spacing-left-medium:60px;--awb-width-small:100%;--awb-order-small:0;--awb-spacing-right-small:60px;--awb-spacing-left-small:60px;\"><div class=\"fusion-column-wrapper fusion-column-has-shadow fusion-flex-justify-content-flex-start fusion-content-layout-column\"><div class=\"fusion-text fusion-text-5\"><p>Anplwaye a gen yon bezwen asistans ki pa satisf\u00e8 krit\u00e8 pou sibvansyon epi k\u00f2l\u00e8g travay li yo vle ranmase lajan pou ede satisf\u00e8 bezwen anplwaye a. Yo dwe apwouve aktivite ranmase lajan yo anvan yo k\u00f2manse. N\u00d2T: Yon aplikan pa ka resevwa yon sibvansyon HERO ak fon matche pou menm ev\u00e8nman an.<\/p>\n<\/div><\/div><\/div><div class=\"fusion-layout-column fusion_builder_column fusion-builder-column-7 fusion_builder_column_1_1 1_1 fusion-flex-column\" style=\"--awb-bg-size:cover;--awb-width-large:100%;--awb-margin-top-large:0px;--awb-spacing-right-large:72px;--awb-margin-bottom-large:0px;--awb-spacing-left-large:60px;--awb-width-medium:50%;--awb-order-medium:0;--awb-spacing-right-medium:70px;--awb-spacing-left-medium:60px;--awb-width-small:100%;--awb-order-small:0;--awb-spacing-right-small:60px;--awb-spacing-left-small:60px;\"><div class=\"fusion-column-wrapper fusion-column-has-shadow fusion-flex-justify-content-flex-start fusion-content-layout-column\"><div class=\"fusion-title title fusion-title-3 fusion-sep-none fusion-title-text fusion-title-size-four\" style=\"--awb-margin-bottom:30px;\"><h4 class=\"fusion-title-heading title-heading-left fusion-responsive-typography-calculated\" style=\"margin:0;text-transform:uppercase;--fontSize:28.43;line-height:1.4;\"><strong>Dokiman obligatwa<\/strong><\/h4><\/div><div class=\"fusion-separator\" style=\"align-self: flex-start;margin-right:auto;width:100%;max-width:550px;\"><div class=\"fusion-separator-border sep-single sep-solid\" style=\"--awb-height:20px;--awb-amount:20px;border-color:var(--awb-color3);border-top-width:1px;\"><\/div><\/div><\/div><\/div><div class=\"fusion-layout-column fusion_builder_column fusion-builder-column-8 fusion_builder_column_1_1 1_1 fusion-flex-column\" style=\"--awb-padding-top:35px;--awb-bg-size:cover;--awb-width-large:100%;--awb-margin-top-large:0px;--awb-spacing-right-large:0px;--awb-margin-bottom-large:0px;--awb-spacing-left-large:60px;--awb-width-medium:50%;--awb-order-medium:0;--awb-spacing-right-medium:70px;--awb-spacing-left-medium:60px;--awb-width-small:100%;--awb-order-small:0;--awb-spacing-right-small:60px;--awb-spacing-left-small:60px;\"><div class=\"fusion-column-wrapper fusion-column-has-shadow fusion-flex-justify-content-flex-start fusion-content-layout-column\"><div class=\"fusion-text fusion-text-6\"><p>Manadj\u00e8 Jeneral la oswa Patn\u00e8 Resous Im\u00e8n nan dwe aplike pou Sibvansyon Konpansasyon an atrav\u00e8 sit Hero a av\u00e8k yon eksplikasyon sou rezon ki f\u00e8 restoran an vle f\u00e8 yon ranmasaj lajan pou yon anplwaye aktif espesifik.<\/p>\n<\/div><\/div><\/div><\/div><\/div><\/div><\/p>","protected":false},"excerpt":{"rendered":"","protected":false},"author":1,"featured_media":2669,"parent":0,"menu_order":0,"comment_status":"closed","ping_status":"closed","template":"100-width.php","meta":{"inline_featured_image":false,"footnotes":""},"class_list":["post-2459","page","type-page","status-publish","has-post-thumbnail","hentry"],"_links":{"self":[{"href":"https:\/\/hamraheroes.org\/ht\/wp-json\/wp\/v2\/pages\/2459","targetHints":{"allow":["GET"]}}],"collection":[{"href":"https:\/\/hamraheroes.org\/ht\/wp-json\/wp\/v2\/pages"}],"about":[{"href":"https:\/\/hamraheroes.org\/ht\/wp-json\/wp\/v2\/types\/page"}],"author":[{"embeddable":true,"href":"https:\/\/hamraheroes.org\/ht\/wp-json\/wp\/v2\/users\/1"}],"replies":[{"embeddable":true,"href":"https:\/\/hamraheroes.org\/ht\/wp-json\/wp\/v2\/comments?post=2459"}],"version-history":[{"count":12,"href":"https:\/\/hamraheroes.org\/ht\/wp-json\/wp\/v2\/pages\/2459\/revisions"}],"predecessor-version":[{"id":3025,"href":"https:\/\/hamraheroes.org\/ht\/wp-json\/wp\/v2\/pages\/2459\/revisions\/3025"}],"wp:featuredmedia":[{"embeddable":true,"href":"https:\/\/hamraheroes.org\/ht\/wp-json\/wp\/v2\/media\/2669"}],"wp:attachment":[{"href":"https:\/\/hamraheroes.org\/ht\/wp-json\/wp\/v2\/media?parent=2459"}],"curies":[{"name":"wp","href":"https:\/\/api.w.org\/{rel}","templated":true}]}}