{"id":64,"date":"2022-07-27T15:10:43","date_gmt":"2022-07-27T15:10:43","guid":{"rendered":"https:\/\/avadawebsites.wpengine.com\/corporation\/?page_id=64"},"modified":"2026-04-21T21:44:26","modified_gmt":"2026-04-21T21:44:26","slug":"about","status":"publish","type":"page","link":"https:\/\/hamraheroes.org\/es\/about\/","title":{"rendered":"Acerca de"},"content":{"rendered":"<p><div class=\"fusion-fullwidth fullwidth-box fusion-builder-row-1 fusion-flex-container has-pattern-background has-mask-background nonhundred-percent-fullwidth non-hundred-percent-height-scrolling fusion-custom-z-index\" style=\"--link_hover_color: var(--awb-color5);--link_color: var(--awb-color8);--awb-border-color:hsla(var(--awb-color3-h),var(--awb-color3-s),calc(var(--awb-color3-l) + 10%),var(--awb-color3-a));--awb-border-radius-top-left:0px;--awb-border-radius-top-right:0px;--awb-border-radius-bottom-right:0px;--awb-border-radius-bottom-left:0px;--awb-z-index:9999;--awb-padding-top:15px;--awb-padding-bottom:15px;--awb-background-color:var(--awb-color1);--awb-flex-wrap:wrap;--awb-box-shadow:0px 2px 7px 0px hsla(var(--awb-color8-h),var(--awb-color8-s),var(--awb-color8-l),calc(var(--awb-color8-a) - 93%));\" ><div class=\"fusion-builder-row fusion-row fusion-flex-align-items-flex-start fusion-flex-content-wrap\" style=\"max-width:1248px;margin-left: calc(-4% \/ 2 );margin-right: calc(-4% \/ 2 );\"><div class=\"fusion-layout-column fusion_builder_column fusion-builder-column-0 fusion_builder_column_1_1 1_1 fusion-flex-column fusion-flex-align-self-flex-start fusion-column-no-min-height fusion-animated\" style=\"--awb-padding-top:20px;--awb-bg-blend:overlay;--awb-bg-size:cover;--awb-width-large:100%;--awb-margin-top-large:40px;--awb-spacing-right-large:1.92%;--awb-margin-bottom-large:0px;--awb-spacing-left-large:1.92%;--awb-width-medium:100%;--awb-spacing-right-medium:1.92%;--awb-spacing-left-medium:1.92%;--awb-width-small:100%;--awb-spacing-right-small:1.92%;--awb-spacing-left-small:1.92%;\" data-animationtype=\"fadeIn\" data-animationduration=\"0.8\" data-animationoffset=\"top-into-view\"><div class=\"fusion-column-wrapper fusion-flex-justify-content-center fusion-content-layout-row\"><div class=\"fusion-title title fusion-title-1 fusion-sep-none fusion-title-text fusion-title-size-two\" style=\"--awb-margin-bottom:30px;\"><h2 class=\"fusion-title-heading title-heading-left fusion-responsive-typography-calculated\" style=\"margin:0;--fontSize:42;line-height:var(--awb-typography1-line-height);\"><strong>Comit\u00e9 Directivo<\/strong><\/h2><\/div><\/div><\/div><div class=\"fusion-layout-column fusion_builder_column fusion-builder-column-1 fusion_builder_column_1_1 1_1 fusion-flex-column fusion-flex-align-self-flex-start fusion-column-no-min-height fusion-animated\" style=\"--awb-padding-bottom:10px;--awb-bg-blend:overlay;--awb-bg-size:cover;--awb-width-large:100%;--awb-margin-top-large:0px;--awb-spacing-right-large:1.92%;--awb-margin-bottom-large:50px;--awb-spacing-left-large:1.92%;--awb-width-medium:100%;--awb-spacing-right-medium:1.92%;--awb-spacing-left-medium:1.92%;--awb-width-small:100%;--awb-spacing-right-small:1.92%;--awb-spacing-left-small:1.92%;\" data-animationtype=\"fadeIn\" data-animationduration=\"0.8\" data-animationoffset=\"top-into-view\"><div class=\"fusion-column-wrapper fusion-flex-justify-content-center fusion-content-layout-row\"><div class=\"fusion-text fusion-text-1\" style=\"--awb-margin-top:25px;\"><p style=\"text-align: center;\">El Comit\u00e9 Directivo del Fondo HERO representa a todas las entidades de Hamra Enterprises. Los miembros del comit\u00e9 est\u00e1n comprometidos a que el fondo sirva eficazmente a las necesidades de los empleados y a que el proceso de financiaci\u00f3n se lleve a cabo con integridad y cuidado.<\/p>\n<\/div><\/div><\/div><\/div><\/div><div id=\"team\" class=\"fusion-container-anchor\"><div class=\"fusion-fullwidth fullwidth-box fusion-builder-row-2 fusion-flex-container has-pattern-background has-mask-background nonhundred-percent-fullwidth non-hundred-percent-height-scrolling\" style=\"--link_hover_color: var(--awb-color2);--link_color: var(--awb-color4);--awb-background-position:left top;--awb-border-sizes-top:0px;--awb-border-sizes-bottom:0px;--awb-border-sizes-left:0px;--awb-border-sizes-right:0px;--awb-border-radius-top-left:0px;--awb-border-radius-top-right:0px;--awb-border-radius-bottom-right:0px;--awb-border-radius-bottom-left:0px;--awb-padding-top:100px;--awb-padding-bottom:80px;--awb-padding-top-medium:90px;--awb-padding-bottom-medium:90px;--awb-margin-bottom-medium:0px;--awb-background-color:#f5f2f2;--awb-flex-wrap:wrap;\" ><div class=\"fusion-builder-row fusion-row fusion-flex-align-items-flex-start fusion-flex-justify-content-center fusion-flex-content-wrap\" style=\"max-width:calc( 1200px + 40px );margin-left: calc(-40px \/ 2 );margin-right: calc(-40px \/ 2 );\"><div class=\"fusion-layout-column fusion_builder_column fusion-builder-column-2 fusion_builder_column_1_4 1_4 fusion-flex-column\" style=\"--awb-bg-size:cover;--awb-width-large:25%;--awb-margin-top-large:0px;--awb-spacing-right-large:20px;--awb-margin-bottom-large:20px;--awb-spacing-left-large:0px;--awb-width-medium:25%;--awb-order-medium:0;--awb-spacing-right-medium:20px;--awb-spacing-left-medium:0px;--awb-width-small:100%;--awb-order-small:0;--awb-spacing-right-small:20px;--awb-spacing-left-small:20px;\"><div class=\"fusion-column-wrapper fusion-column-has-shadow fusion-flex-justify-content-flex-start fusion-content-layout-column\"><div class=\"fusion-title title fusion-title-2 fusion-sep-none fusion-title-text fusion-title-size-four\" style=\"--awb-font-size:25.00px;\"><h4 class=\"fusion-title-heading title-heading-left\" style=\"margin:0;font-size:1em;\"><div style=\"text-align: center;\"><strong style=\"font-size: 1em; background-color: rgba(0, 0, 0, 0);\"><span style=\"font-size: 1em; background-color: rgba(0, 0, 0, 0);\">Wendy's de Misuri<\/span><\/strong><\/div><\/h4><\/div><div class=\"fusion-text fusion-text-2\" style=\"--awb-line-height:10px;--awb-margin-top:25px;\"><p style=\"text-align: center;\"><strong>Quentin Keller<\/strong><\/p>\n<p style=\"text-align: center;\">Co-gerente<\/p>\n<\/div><div class=\"fusion-text fusion-text-3\" style=\"--awb-line-height:10px;--awb-margin-top:25px;\"><p style=\"text-align: center; \"><strong>Melissa Overbay<\/strong><\/p>\n<p style=\"text-align: center; \">Gerente General<\/p>\n<\/div><\/div><\/div><div class=\"fusion-layout-column fusion_builder_column fusion-builder-column-3 fusion_builder_column_1_4 1_4 fusion-flex-column\" style=\"--awb-bg-size:cover;--awb-width-large:25%;--awb-margin-top-large:0px;--awb-spacing-right-large:0px;--awb-margin-bottom-large:20px;--awb-spacing-left-large:0px;--awb-width-medium:25%;--awb-order-medium:0;--awb-spacing-right-medium:0px;--awb-spacing-left-medium:0px;--awb-width-small:100%;--awb-order-small:0;--awb-spacing-right-small:20px;--awb-spacing-left-small:20px;\"><div class=\"fusion-column-wrapper fusion-column-has-shadow fusion-flex-justify-content-flex-start fusion-content-layout-column\"><div class=\"fusion-title title fusion-title-3 fusion-sep-none fusion-title-text fusion-title-size-four\" style=\"--awb-font-size:25.00px;\"><h4 class=\"fusion-title-heading title-heading-left\" style=\"margin:0;font-size:1em;\"><div style=\"text-align: center;\"><strong style=\"font-size: 1em; background-color: rgba(0, 0, 0, 0);\"><span style=\"font-size: 1em; background-color: rgba(0, 0, 0, 0);\">Wendy\u2019s de Illinois<\/span><\/strong><\/div><\/h4><\/div><div class=\"fusion-text fusion-text-4\" style=\"--awb-content-alignment:center;--awb-line-height:10px;--awb-margin-top:25px;\"><p style=\"text-align: center;\" data-fusion-font=\"true\"><strong>Bryan Knotts<\/strong><\/p>\n<p style=\"text-align: center;\" data-fusion-font=\"true\">Gerente General<\/p>\n<p data-fusion-font=\"true\">\n<p style=\"text-align: center;\" data-fusion-font=\"true\">\n<\/div><\/div><\/div><div class=\"fusion-layout-column fusion_builder_column fusion-builder-column-4 fusion_builder_column_1_4 1_4 fusion-flex-column\" style=\"--awb-bg-size:cover;--awb-width-large:25%;--awb-margin-top-large:0px;--awb-spacing-right-large:0px;--awb-margin-bottom-large:20px;--awb-spacing-left-large:0px;--awb-width-medium:25%;--awb-order-medium:0;--awb-spacing-right-medium:0px;--awb-spacing-left-medium:0px;--awb-width-small:100%;--awb-order-small:0;--awb-spacing-right-small:20px;--awb-spacing-left-small:20px;\"><div class=\"fusion-column-wrapper fusion-column-has-shadow fusion-flex-justify-content-flex-start fusion-content-layout-column\"><div class=\"fusion-title title fusion-title-4 fusion-sep-none fusion-title-text fusion-title-size-four\" style=\"--awb-font-size:25.00px;\"><h4 class=\"fusion-title-heading title-heading-left\" style=\"margin:0;font-size:1em;\"><div style=\"text-align: center;\"><strong style=\"font-size: 1em; background-color: rgba(0, 0, 0, 0);\"><span style=\"font-size: 1em; background-color: rgba(0, 0, 0, 0);\">Wendy\u2019s de Nueva Inglaterra<\/span><\/strong><\/div><\/h4><\/div><div class=\"fusion-text fusion-text-5\" style=\"--awb-line-height:10px;--awb-margin-top:25px;\"><p style=\"text-align: center;\"><strong>Ryan Knox<\/strong><\/p>\n<p style=\"text-align: center;\">Gerente General<\/p>\n<p style=\"text-align: center;\">\n<p style=\"text-align: center;\"><b>Summer Bernazzani<\/b><\/p>\n<p style=\"text-align: center;\">Gerente Asistente<\/p>\n<\/div><\/div><\/div><div class=\"fusion-layout-column fusion_builder_column fusion-builder-column-5 fusion_builder_column_1_4 1_4 fusion-flex-column\" style=\"--awb-bg-size:cover;--awb-width-large:25%;--awb-margin-top-large:0px;--awb-spacing-right-large:0px;--awb-margin-bottom-large:20px;--awb-spacing-left-large:0px;--awb-width-medium:25%;--awb-order-medium:0;--awb-spacing-right-medium:0px;--awb-spacing-left-medium:0px;--awb-width-small:100%;--awb-order-small:0;--awb-spacing-right-small:20px;--awb-spacing-left-small:20px;\"><div class=\"fusion-column-wrapper fusion-column-has-shadow fusion-flex-justify-content-flex-start fusion-content-layout-column\"><div class=\"fusion-title title fusion-title-5 fusion-sep-none fusion-title-text fusion-title-size-four\" style=\"--awb-font-size:25.00px;\"><h4 class=\"fusion-title-heading title-heading-left\" style=\"margin:0;font-size:1em;\"><div style=\"text-align: center;\"><strong style=\"font-size: 1em; background-color: rgba(0, 0, 0, 0);\"><span style=\"font-size: 1em; background-color: rgba(0, 0, 0, 0);\">Gesti\u00f3n Hamra<\/span><\/strong><\/div><\/h4><\/div><div class=\"fusion-text fusion-text-6\" style=\"--awb-line-height:10px;--awb-margin-top:25px;\"><p style=\"text-align: center;\"><span style=\"background-color: rgba(0, 0, 0, 0);\"><b>Gene Smith<\/b><\/span><\/p>\n<p style=\"text-align: center;\">Est\u00e1ndares de Marca Hamra<\/p>\n<p style=\"text-align: center;\">\n<p style=\"text-align: center;\"><b><br \/><\/b><\/p>\n<p style=\"text-align: center;\"><b>Michael McCusker<\/b><\/p>\n<p style=\"text-align: center;\">Profesional de Recursos Humanos<\/p>\n<\/div><\/div><\/div><div class=\"fusion-layout-column fusion_builder_column fusion-builder-column-6 fusion_builder_column_1_4 1_4 fusion-flex-column\" style=\"--awb-padding-right:11px;--awb-bg-size:cover;--awb-width-large:25%;--awb-margin-top-large:0px;--awb-spacing-right-large:0px;--awb-margin-bottom-large:20px;--awb-spacing-left-large:0px;--awb-width-medium:25%;--awb-order-medium:0;--awb-spacing-right-medium:0px;--awb-spacing-left-medium:0px;--awb-width-small:100%;--awb-order-small:0;--awb-spacing-right-small:20px;--awb-spacing-left-small:20px;\"><div class=\"fusion-column-wrapper fusion-column-has-shadow fusion-flex-justify-content-flex-start fusion-content-layout-column\"><div class=\"fusion-title title fusion-title-6 fusion-sep-none fusion-title-text fusion-title-size-four\" style=\"--awb-font-size:25.00px;\"><h4 class=\"fusion-title-heading title-heading-left\" style=\"margin:0;font-size:1em;\"><div style=\"text-align: center;\"><strong>Pan de Boston<\/strong><\/div><\/h4><\/div><div class=\"fusion-text fusion-text-7\" style=\"--awb-line-height:10px;--awb-margin-top:25px;\"><p style=\"text-align: center;\"><strong>James Morin<\/strong><\/p>\n<p style=\"text-align: center;\">Gerente Regional de Capacitaci\u00f3n<\/p>\n<p style=\"text-align: center;\">\n<p style=\"text-align: center;\">\n<\/div><\/div><\/div><div class=\"fusion-layout-column fusion_builder_column fusion-builder-column-7 fusion_builder_column_1_4 1_4 fusion-flex-column\" style=\"--awb-bg-size:cover;--awb-width-large:25%;--awb-margin-top-large:0px;--awb-spacing-right-large:0px;--awb-margin-bottom-large:20px;--awb-spacing-left-large:0px;--awb-width-medium:25%;--awb-order-medium:0;--awb-spacing-right-medium:0px;--awb-spacing-left-medium:0px;--awb-width-small:100%;--awb-order-small:0;--awb-spacing-right-small:20px;--awb-spacing-left-small:20px;\"><div class=\"fusion-column-wrapper fusion-column-has-shadow fusion-flex-justify-content-flex-start fusion-content-layout-column\"><div class=\"fusion-title title fusion-title-7 fusion-sep-none fusion-title-text fusion-title-size-four\" style=\"--awb-font-size:25.00px;\"><h4 class=\"fusion-title-heading title-heading-left\" style=\"margin:0;font-size:1em;\"><div style=\"text-align: center;\"><strong>Pan de Chicago<\/strong><\/div><\/h4><\/div><div class=\"fusion-text fusion-text-8\" style=\"--awb-line-height:10px;--awb-margin-top:25px;\"><p style=\"text-align: center;\">\n<p style=\"text-align: center;\"><strong>Melissa West<\/strong><\/p>\n<p style=\"text-align: center;\">Gerente General<\/p>\n<\/div><\/div><\/div><div class=\"fusion-layout-column fusion_builder_column fusion-builder-column-8 fusion_builder_column_1_4 1_4 fusion-flex-column\" style=\"--awb-bg-size:cover;--awb-width-large:25%;--awb-margin-top-large:0px;--awb-spacing-right-large:0px;--awb-margin-bottom-large:20px;--awb-spacing-left-large:0px;--awb-width-medium:25%;--awb-order-medium:0;--awb-spacing-right-medium:0px;--awb-spacing-left-medium:0px;--awb-width-small:100%;--awb-order-small:0;--awb-spacing-right-small:20px;--awb-spacing-left-small:20px;\"><div class=\"fusion-column-wrapper fusion-column-has-shadow fusion-flex-justify-content-flex-start fusion-content-layout-column\"><div class=\"fusion-title title fusion-title-8 fusion-sep-none fusion-title-text fusion-title-size-four\" style=\"--awb-font-size:25.00px;\"><h4 class=\"fusion-title-heading title-heading-left\" style=\"margin:0;font-size:1em;\"><div style=\"text-align: center;\"><strong>Pan del Sur<\/strong><\/div><\/h4><\/div><div class=\"fusion-text fusion-text-9\" style=\"--awb-line-height:10px;--awb-margin-top:25px;\"><p style=\"text-align: center;\"><strong>Krysti Victoratos<\/strong><\/p>\n<p style=\"text-align: center;\">Gerente de Distrito<\/p>\n<p style=\"text-align: center;\">\n<\/p>\n<p style=\"text-align: center;\"><strong>Josh Mitchell<\/strong><\/p>\n<p style=\"text-align: center;\">Gerente de Distrito<\/p>\n<p style=\"text-align: center;\">\n<p style=\"text-align: center;\">\n<p style=\"text-align: center;\"><b>Natalie Curtis<\/b><\/p>\n<p style=\"text-align: center;\">Gerente General<\/p>\n<\/div><\/div><\/div><div class=\"fusion-layout-column fusion_builder_column fusion-builder-column-9 fusion_builder_column_1_4 1_4 fusion-flex-column\" style=\"--awb-bg-size:cover;--awb-width-large:25%;--awb-margin-top-large:0px;--awb-spacing-right-large:0px;--awb-margin-bottom-large:20px;--awb-spacing-left-large:0px;--awb-width-medium:25%;--awb-order-medium:0;--awb-spacing-right-medium:0px;--awb-spacing-left-medium:0px;--awb-width-small:100%;--awb-order-small:0;--awb-spacing-right-small:20px;--awb-spacing-left-small:20px;\"><div class=\"fusion-column-wrapper fusion-column-has-shadow fusion-flex-justify-content-flex-start fusion-content-layout-column\"><div class=\"fusion-title title fusion-title-9 fusion-sep-none fusion-title-text fusion-title-size-four\" style=\"--awb-font-size:25.00px;\"><h4 class=\"fusion-title-heading title-heading-left\" style=\"margin:0;font-size:1em;\"><div style=\"text-align: center;\"><strong>Fideos<\/strong><\/div><\/h4><\/div><div class=\"fusion-text fusion-text-10\" style=\"--awb-line-height:10px;--awb-margin-top:25px;\"><p style=\"text-align: center;\"><strong>Robin Spencer<\/strong><\/p>\n<p style=\"text-align: center;\">Ventas de Catering<\/p>\n<p style=\"text-align: center;\">\n<\/div><\/div><\/div><\/div><\/div><\/div><div class=\"fusion-fullwidth fullwidth-box fusion-builder-row-3 fusion-flex-container has-pattern-background has-mask-background nonhundred-percent-fullwidth non-hundred-percent-height-scrolling\" style=\"--awb-background-position:left top;--awb-border-sizes-top:0px;--awb-border-sizes-bottom:0px;--awb-border-sizes-left:0px;--awb-border-sizes-right:0px;--awb-border-radius-top-left:0px;--awb-border-radius-top-right:0px;--awb-border-radius-bottom-right:0px;--awb-border-radius-bottom-left:0px;--awb-padding-top:130px;--awb-padding-bottom:130px;--awb-padding-top-medium:90px;--awb-padding-bottom-medium:90px;--awb-margin-bottom-medium:0px;--awb-background-color:hsla(var(--awb-color5-h),var(--awb-color5-s),calc(var(--awb-color5-l) + 37%),var(--awb-color5-a));--awb-flex-wrap:wrap;\" id=\"testimonials\" ><div class=\"fusion-builder-row fusion-row fusion-flex-align-items-stretch fusion-flex-justify-content-center fusion-flex-content-wrap\" style=\"max-width:calc( 1200px + 60px );margin-left: calc(-60px \/ 2 );margin-right: calc(-60px \/ 2 );\"><div class=\"fusion-layout-column fusion_builder_column fusion-builder-column-10 fusion_builder_column_1_1 1_1 fusion-flex-column fusion-flex-align-self-flex-start fusion-column-no-min-height\" style=\"--awb-padding-left:7.4648px;--awb-padding-right-medium:0px;--awb-padding-left-medium:0px;--awb-bg-blend:overlay;--awb-bg-size:cover;--awb-width-large:100%;--awb-margin-top-large:0px;--awb-spacing-right-large:0px;--awb-margin-bottom-large:80px;--awb-spacing-left-large:0px;--awb-width-medium:100%;--awb-spacing-right-medium:0px;--awb-margin-bottom-medium:49px;--awb-spacing-left-medium:0px;--awb-width-small:100%;--awb-spacing-right-small:30px;--awb-margin-bottom-small:30px;--awb-spacing-left-small:30px;\"><div class=\"fusion-column-wrapper fusion-flex-justify-content-flex-start fusion-content-layout-column\"><div class=\"fusion-title title fusion-title-10 fusion-sep-none fusion-title-text fusion-title-size-two\" style=\"--awb-margin-bottom:30px;\"><h2 class=\"fusion-title-heading title-heading-left fusion-responsive-typography-calculated\" style=\"margin:0;--fontSize:42;line-height:var(--awb-typography1-line-height);\"><div style=\"text-align: center;\"><strong style=\"font-size: 1em; background-color: rgba(0, 0, 0, 0);\">Junta Directiva<\/strong><\/div><\/h2><\/div><div class=\"fusion-text fusion-text-11\"><p style=\"text-align: center;\">Los miembros de nuestra Junta Directiva representan a todas las marcas de Hamra Enterprises. Los miembros de la junta se aseguran de que la integridad y la misi\u00f3n del fondo perduren para seguir apoyando a todos los empleados de Hamra, al mismo tiempo que dise\u00f1an futuros programas para satisfacer las necesidades de nuestra creciente fuerza laboral.<\/p>\n<\/div><div class=\"fusion-text fusion-text-12 awb-text-cols fusion-text-columns-2\" style=\"--awb-columns:2;--awb-column-spacing:2em;--awb-column-min-width:150px;\"><p style=\"text-align: left;\"><strong>Rachel Echagarra, <\/strong>G<span style=\"background-color: rgba(0, 0, 0, 0);\">Gerente General, Chicago Bread<\/span><\/p>\n<p style=\"text-align: left;\"><strong>Daniel Thomas,<\/strong> <span style=\"background-color: rgba(0, 0, 0, 0);\">Director de Capacitaci\u00f3n, Southern Bread<\/span><\/p>\n<p style=\"text-align: left;\"><strong style=\"background-color: rgba(0, 0, 0, 0);\">Rebekah Dos Santos,<\/strong><span style=\"background-color: rgba(0, 0, 0, 0);\"> Gerente Regional de Capacitaci\u00f3n, Wendy's de Nueva Inglaterra<\/span><\/p>\n<p style=\"text-align: left;\"><b style=\"background-color: rgba(0, 0, 0, 0);\">Hailey Fischer,<\/b><span style=\"background-color: rgba(0, 0, 0, 0);\"> Gerente de Distrito, Southern Bread<\/span><\/p>\n<p><strong>Regina Geer<\/strong>, Director Regional de Operaciones, Wendy's de Missouri<\/p>\n<p><strong>Jillian Horgan,<\/strong> Gerente General, Boston Bread<\/p>\n<p style=\"text-align: left;\"><span style=\"background-color: rgba(0, 0, 0, 0);\"><b>Darin Malone,<\/b> Gerente de Distrito, Pan de Chicago<\/span><\/p>\n<p style=\"text-align: left;\"><strong>Heidi Schroeder., <\/strong> Director de Marca de Catering, Chicago Bread<\/p>\n<p style=\"text-align: left;\"><b style=\"background-color: rgba(0, 0, 0, 0);\">Rachael Sellhorn, <\/b><span style=\"background-color: rgba(0, 0, 0, 0);\">Director de Donaciones, Hamra Management<\/span><\/p>\n<p style=\"text-align: left;\"><b style=\"background-color: rgba(0, 0, 0, 0);\">Maggie Allen,<\/b><span style=\"background-color: rgba(0, 0, 0, 0);\"> Contador Senior, Hamra Management<\/span><\/p>\n<\/div><\/div><\/div><div class=\"fusion-layout-column fusion_builder_column fusion-builder-column-11 fusion_builder_column_1_1 1_1 fusion-flex-column fusion-flex-align-self-flex-start fusion-column-no-min-height\" style=\"--awb-padding-right-medium:0px;--awb-padding-left-medium:0px;--awb-bg-blend:overlay;--awb-bg-size:cover;--awb-width-large:100%;--awb-margin-top-large:0px;--awb-spacing-right-large:30px;--awb-margin-bottom-large:80px;--awb-spacing-left-large:30px;--awb-width-medium:100%;--awb-spacing-right-medium:30px;--awb-margin-bottom-medium:49px;--awb-spacing-left-medium:30px;--awb-width-small:100%;--awb-spacing-right-small:30px;--awb-margin-bottom-small:30px;--awb-spacing-left-small:30px;\"><div class=\"fusion-column-wrapper fusion-flex-justify-content-flex-start fusion-content-layout-column\"><div class=\"fusion-title title fusion-title-11 fusion-sep-none fusion-title-text fusion-title-size-two\" style=\"--awb-margin-bottom:30px;\"><h2 class=\"fusion-title-heading title-heading-left fusion-responsive-typography-calculated\" style=\"margin:0;--fontSize:42;line-height:var(--awb-typography1-line-height);\"><div style=\"text-align: center;\"><strong style=\"color: var(--awb-text-color); font-family: var(--h2_typography-font-family); font-size: 1em; font-style: var(--h2_typography-font-style,normal); letter-spacing: var(--h2_typography-letter-spacing); text-transform: var(--h2_typography-text-transform); background-color: var(--awb-bg-color);\">                                                 Administradores<\/strong><\/div><\/h2><\/div><div class=\"fusion-text fusion-text-13\"><p style=\"text-align: center;\">Los administradores del Fondo HERO act\u00faan como punto de contacto para cada solicitante en cada etapa del proceso de solicitud para garantizar que cada solicitud se env\u00ede y se considere para financiaci\u00f3n con integridad y cuidado.<\/p>\n<p style=\"text-align: center; \"><b data-fusion-font=\"true\" style=\"line-height: 30px;\">Equipo de Subsidio de Emergencia<\/b><\/p>\n<p style=\"text-align: center; \"><b>Maddie Collop<\/b>, Gerente General, Noodles and Company<\/p>\n<p style=\"text-align: center; \"><b>Drea Herrera<\/b>, Gerente General, Southern Bread<\/p>\n<p style=\"text-align: center; \"><b>Joy Funkhouser<\/b>, Gerente General, Chicago Bread<\/p>\n<p style=\"text-align: center; \"><b>Asael Mart\u00ednez<\/b>, Supervisor de T\u00e9cnico de Campo de Tecnolog\u00eda de la Informaci\u00f3n, Mercado de Nueva Inglaterra<\/p>\n<p style=\"text-align: center; \"><b>Brittiny Scarborough<\/b>, Representante de Ventas de Catering, Southern Bread<\/p>\n<p style=\"text-align: center; \"><b data-fusion-font=\"true\" style=\"line-height: 30px;\">Equipo de Reembolso de Matr\u00edcula<\/b><\/p>\n<p style=\"text-align: center; \"><b>Jennifer Hollowell<\/b>, Representante de Ventas Internas, Chicago Bread<\/p>\n<p style=\"text-align: center; \"><b>Racheal Harold<\/b>, Gerente General, Southern Bread<\/p>\n<\/div><\/div><\/div><div class=\"fusion-layout-column fusion_builder_column fusion-builder-column-12 fusion_builder_column_1_1 1_1 fusion-flex-column fusion-flex-align-self-center fusion-column-no-min-height\" style=\"--awb-padding-right:10vw;--awb-padding-left:10vw;--awb-padding-right-medium:0px;--awb-padding-left-medium:0px;--awb-bg-blend:overlay;--awb-bg-size:cover;--awb-width-large:100%;--awb-margin-top-large:0px;--awb-spacing-right-large:30px;--awb-margin-bottom-large:80px;--awb-spacing-left-large:30px;--awb-width-medium:100%;--awb-spacing-right-medium:30px;--awb-margin-bottom-medium:49px;--awb-spacing-left-medium:30px;--awb-width-small:100%;--awb-spacing-right-small:30px;--awb-margin-bottom-small:30px;--awb-spacing-left-small:30px;\"><div class=\"fusion-column-wrapper fusion-flex-justify-content-center fusion-content-layout-column\"><div class=\"fusion-title title fusion-title-12 fusion-sep-none fusion-title-text fusion-title-size-two\" style=\"--awb-margin-bottom:30px;\"><h2 class=\"fusion-title-heading title-heading-left fusion-responsive-typography-calculated\" style=\"margin:0;--fontSize:42;line-height:var(--awb-typography1-line-height);\"><div style=\"text-align: center;\"><strong style=\"font-size: 1em; background-color: rgba(0, 0, 0, 0);\">Miembros del equipo de soporte<\/strong><\/div><\/h2><\/div><div class=\"fusion-text fusion-text-14\"><p style=\"text-align: center;\">El Fondo HERO es posible gracias al apoyo de los siguientes empleados de Hamra:<\/p>\n<\/div><div class=\"fusion-text fusion-text-15\"><p style=\"text-align: center;\"><b>Maryjo Kiser, <\/b>VP de Beneficios y Compensaci\u00f3n<\/p>\n<p style=\"text-align: center;\"><b>\u00c1ngela Espinoza<\/b>, Vicepresidente de Contabilidad y Finanzas<\/p>\n<p style=\"text-align: center;\"><strong>Lori Johnson.<\/strong> Tesorero<\/p>\n<p style=\"text-align: center;\"><b>Sheryl Jones, <\/b>Asistente Administrativo<\/p>\n<p style=\"text-align: center;\"><b>Chris Mongerso<\/b>n, Especialista Senior en Tecnolog\u00eda de la Informaci\u00f3n<\/p>\n<\/div><\/div><\/div><\/div><\/div><\/p>","protected":false},"excerpt":{"rendered":"","protected":false},"author":1,"featured_media":2649,"parent":0,"menu_order":0,"comment_status":"closed","ping_status":"closed","template":"100-width.php","meta":{"inline_featured_image":false,"footnotes":""},"class_list":["post-64","page","type-page","status-publish","has-post-thumbnail","hentry"],"_links":{"self":[{"href":"https:\/\/hamraheroes.org\/es\/wp-json\/wp\/v2\/pages\/64","targetHints":{"allow":["GET"]}}],"collection":[{"href":"https:\/\/hamraheroes.org\/es\/wp-json\/wp\/v2\/pages"}],"about":[{"href":"https:\/\/hamraheroes.org\/es\/wp-json\/wp\/v2\/types\/page"}],"author":[{"embeddable":true,"href":"https:\/\/hamraheroes.org\/es\/wp-json\/wp\/v2\/users\/1"}],"replies":[{"embeddable":true,"href":"https:\/\/hamraheroes.org\/es\/wp-json\/wp\/v2\/comments?post=64"}],"version-history":[{"count":55,"href":"https:\/\/hamraheroes.org\/es\/wp-json\/wp\/v2\/pages\/64\/revisions"}],"predecessor-version":[{"id":3224,"href":"https:\/\/hamraheroes.org\/es\/wp-json\/wp\/v2\/pages\/64\/revisions\/3224"}],"wp:featuredmedia":[{"embeddable":true,"href":"https:\/\/hamraheroes.org\/es\/wp-json\/wp\/v2\/media\/2649"}],"wp:attachment":[{"href":"https:\/\/hamraheroes.org\/es\/wp-json\/wp\/v2\/media?parent=64"}],"curies":[{"name":"wp","href":"https:\/\/api.w.org\/{rel}","templated":true}]}}